{"id":18248,"date":"2025-06-01T23:14:28","date_gmt":"2025-06-01T23:14:28","guid":{"rendered":"https:\/\/groupesfmai.com\/?page_id=18248"},"modified":"2025-06-01T23:27:14","modified_gmt":"2025-06-01T23:27:14","slug":"construction","status":"publish","type":"page","link":"https:\/\/groupesfmai.com\/en\/construction\/","title":{"rendered":"Construction"},"content":{"rendered":"<div data-elementor-type=\"wp-page\" data-elementor-id=\"18248\" class=\"elementor elementor-18248\" data-elementor-post-type=\"page\">\n\t\t\t\t<div class=\"aux-parallax-section elementor-element elementor-element-beef1ac e-flex e-con-boxed e-con e-parent\" data-id=\"beef1ac\" data-element_type=\"container\" data-settings=\"{&quot;jet_parallax_layout_list&quot;:[]}\">\n\t\t\t\t\t<div class=\"e-con-inner\">\n\t\t<div class=\"elementor-element elementor-element-34113e50 e-con-full e-flex e-con e-child\" data-id=\"34113e50\" data-element_type=\"container\" data-settings=\"{&quot;jet_parallax_layout_list&quot;:[]}\">\n\t\t\t\t<div class=\"elementor-element elementor-element-49e00a46 aux-appear-watch-animation aux-fade-in-up elementor-widget elementor-widget-aux_modern_heading\" data-id=\"49e00a46\" data-element_type=\"widget\" data-widget_type=\"aux_modern_heading.default\">\n\t\t\t\t<div class=\"elementor-widget-container\">\n\t\t\t\t\t<section class=\"aux-widget-modern-heading\">\n            <div class=\"aux-widget-inner\"><h2 class=\"aux-modern-heading-primary\">Production<\/h2><div class=\"aux-modern-heading-description\"><div class=\"elementor-element elementor-element-f3180a7 dce_masking-none elementor-widget elementor-widget-image\" style=\"text-align: left\" data-id=\"f3180a7\" data-element_type=\"widget\" data-widget_type=\"image.default\"><p data-start=\"775\" data-end=\"1060\">When it comes to carrying out your project .<br \/>The group has an experienced team when it comes to organising a site, thanks to the various qualified partners who enable the group to work in all trades and throughout the country.<br \/><br \/>This includes the assembly of the framework, the brickwork, the installation of gas, electricity, water, a sound system, a cold room, a camera and anything else the building may need.<\/p><\/div><\/div><\/div>\n        <\/section>\t\t\t\t<\/div>\n\t\t\t\t<\/div>\n\t\t\t\t<\/div>\n\t\t<div class=\"elementor-element elementor-element-304f1d3d e-con-full e-flex e-con e-child\" data-id=\"304f1d3d\" data-element_type=\"container\" data-settings=\"{&quot;jet_parallax_layout_list&quot;:[]}\">\n\t\t\t\t<div class=\"elementor-element elementor-element-513daf5d elementor-widget elementor-widget-aux-gallery\" data-id=\"513daf5d\" data-element_type=\"widget\" data-settings=\"{&quot;sticky&quot;:&quot;top&quot;,&quot;sticky_offset&quot;:50,&quot;sticky_parent&quot;:&quot;yes&quot;,&quot;sticky_on&quot;:[&quot;desktop&quot;,&quot;tablet&quot;,&quot;mobile&quot;],&quot;sticky_effects_offset&quot;:0,&quot;sticky_anchor_link_offset&quot;:0}\" data-widget_type=\"aux-gallery.default\">\n\t\t\t\t<div class=\"elementor-widget-container\">\n\t\t\t\t\t<section class=\"widget-container aux-widget-gallery aux-parent-au54d83b40\"><div id='aux-gallery-1' class='aux-gallery galleryid-18248 gallery-columns- aux-lightbox-gallery'><div class=\"aux-gallery-container aux-isotope-animated aux-tiles-layout aux-no-gutter aux-layout-packery\"  data-pagination=\"false\" data-lazyload=\"false\" data-perpage=\"24\" data-layout=\"packery\" data-space=\"10\" >    <figure class=\"gallery-item aux-hover-active aux-iso-item  aux-image-box aux-tile-6-6 aux-t-tile-6-6 aux-m-tile-12-12\">\n            <div class=\"\">\n                <a href=\"https:\/\/groupesfmai.com\/wp-content\/uploads\/2025\/06\/factory-worker-working-warehouse-handling-metal-material-production-scaled.jpg\" class=\"aux-frame-ratio-inner aux-frame-darken aux-lightbox-btn\" data-elementor-open-lightbox=\"no\" data-original-width=\"2560\" data-original-height=\"1707\" data-caption=\"Factory worker working in warehouse handling metal material for production.\">\n                                <div class=\"aux-hover-scale-circle-plus\">\n                        <span class=\"aux-symbol-plus\"><\/span>\n                        <span class=\"aux-symbol-circle\"><\/span>\n                    <\/div>\n                        <img fetchpriority=\"high\" decoding=\"async\" width=\"1000\" height=\"1000\" src=\"https:\/\/groupesfmai.com\/wp-content\/uploads\/2025\/06\/factory-worker-working-warehouse-handling-metal-material-production-scaled-1000x1000.jpg\" class=\"aux-attachment aux-featured-image attachment-1000x1000 aux-attachment-id-18188\" alt=\"Factory worker working in warehouse handling metal material for production.\" srcset=\"https:\/\/groupesfmai.com\/wp-content\/uploads\/2025\/06\/factory-worker-working-warehouse-handling-metal-material-production-scaled-150x150.jpg 150w,https:\/\/groupesfmai.com\/wp-content\/uploads\/2025\/06\/factory-worker-working-warehouse-handling-metal-material-production-scaled-400x400.jpg 400w,https:\/\/groupesfmai.com\/wp-content\/uploads\/2025\/06\/factory-worker-working-warehouse-handling-metal-material-production-scaled-768x768.jpg 768w,https:\/\/groupesfmai.com\/wp-content\/uploads\/2025\/06\/factory-worker-working-warehouse-handling-metal-material-production-scaled-1300x1300.jpg 1300w,https:\/\/groupesfmai.com\/wp-content\/uploads\/2025\/06\/factory-worker-working-warehouse-handling-metal-material-production-scaled-1000x1000.jpg 1000w,https:\/\/groupesfmai.com\/wp-content\/uploads\/2025\/06\/factory-worker-working-warehouse-handling-metal-material-production-scaled-2550x2550.jpg 2550w\" data-ratio=\"1\" data-original-w=\"2560\" sizes=\"(max-width:479px) 480px,(max-width:767px) 768px,(max-width:1023px) 1024px,1000px\" \/>                <\/a>\n            <\/div>\n                <\/figure>\n    <figure class=\"gallery-item aux-hover-active aux-iso-item  aux-image-box aux-tile-6-3 aux-t-tile-12-6 aux-m-tile-12-6\">\n            <div class=\"\">\n                <a href=\"https:\/\/groupesfmai.com\/wp-content\/uploads\/2025\/06\/closeup-shot-sparks-flying-from-industrial-steel-cutter-scaled.jpg\" class=\"aux-frame-ratio-inner aux-frame-darken aux-lightbox-btn\" data-elementor-open-lightbox=\"no\" data-original-width=\"2560\" data-original-height=\"1707\" data-caption=\"A closeup shot of sparks flying from an industrial steel cutter\">\n                                <div class=\"aux-hover-scale-circle-plus\">\n                        <span class=\"aux-symbol-plus\"><\/span>\n                        <span class=\"aux-symbol-circle\"><\/span>\n                    <\/div>\n                        <img decoding=\"async\" width=\"1000\" height=\"500\" src=\"https:\/\/groupesfmai.com\/wp-content\/uploads\/2025\/06\/closeup-shot-sparks-flying-from-industrial-steel-cutter-scaled-1000x500.jpg\" class=\"aux-attachment aux-featured-image attachment-1000x500 aux-attachment-id-18189\" alt=\"A closeup shot of sparks flying from an industrial steel cutter\" srcset=\"https:\/\/groupesfmai.com\/wp-content\/uploads\/2025\/06\/closeup-shot-sparks-flying-from-industrial-steel-cutter-scaled-150x75.jpg 150w,https:\/\/groupesfmai.com\/wp-content\/uploads\/2025\/06\/closeup-shot-sparks-flying-from-industrial-steel-cutter-scaled-400x200.jpg 400w,https:\/\/groupesfmai.com\/wp-content\/uploads\/2025\/06\/closeup-shot-sparks-flying-from-industrial-steel-cutter-scaled-768x384.jpg 768w,https:\/\/groupesfmai.com\/wp-content\/uploads\/2025\/06\/closeup-shot-sparks-flying-from-industrial-steel-cutter-scaled-1300x650.jpg 1300w,https:\/\/groupesfmai.com\/wp-content\/uploads\/2025\/06\/closeup-shot-sparks-flying-from-industrial-steel-cutter-scaled-1000x500.jpg 1000w,https:\/\/groupesfmai.com\/wp-content\/uploads\/2025\/06\/closeup-shot-sparks-flying-from-industrial-steel-cutter-scaled-2550x1275.jpg 2550w\" data-ratio=\"2\" data-original-w=\"2560\" sizes=\"(max-width:479px) 480px,(max-width:767px) 768px,(max-width:1023px) 1024px,1000px\" \/>                <\/a>\n            <\/div>\n                <\/figure>\n    <figure class=\"gallery-item aux-hover-active aux-iso-item  aux-image-box aux-tile-3-3 aux-t-tile-6-6 aux-m-tile-6-6\">\n            <div class=\"\">\n                <a href=\"https:\/\/groupesfmai.com\/wp-content\/uploads\/2025\/06\/man-is-working-metal-factory-he-is-welding-piece-rail-using-special-tools-scaled.jpg\" class=\"aux-frame-ratio-inner aux-frame-darken aux-lightbox-btn\" data-elementor-open-lightbox=\"no\" data-original-width=\"2560\" data-original-height=\"1707\" data-caption=\"Man is working at metal factory, he is welding a piece of rail using special tools.\">\n                                <div class=\"aux-hover-scale-circle-plus\">\n                        <span class=\"aux-symbol-plus\"><\/span>\n                        <span class=\"aux-symbol-circle\"><\/span>\n                    <\/div>\n                        <img decoding=\"async\" width=\"500\" height=\"500\" src=\"https:\/\/groupesfmai.com\/wp-content\/uploads\/2025\/06\/man-is-working-metal-factory-he-is-welding-piece-rail-using-special-tools-scaled-500x500.jpg\" class=\"aux-attachment aux-featured-image attachment-500x500 aux-attachment-id-18187\" alt=\"Man is working at metal factory, he is welding a piece of rail using special tools.\" srcset=\"https:\/\/groupesfmai.com\/wp-content\/uploads\/2025\/06\/man-is-working-metal-factory-he-is-welding-piece-rail-using-special-tools-scaled-150x150.jpg 150w,https:\/\/groupesfmai.com\/wp-content\/uploads\/2025\/06\/man-is-working-metal-factory-he-is-welding-piece-rail-using-special-tools-scaled-400x400.jpg 400w,https:\/\/groupesfmai.com\/wp-content\/uploads\/2025\/06\/man-is-working-metal-factory-he-is-welding-piece-rail-using-special-tools-scaled-768x768.jpg 768w,https:\/\/groupesfmai.com\/wp-content\/uploads\/2025\/06\/man-is-working-metal-factory-he-is-welding-piece-rail-using-special-tools-scaled-1300x1300.jpg 1300w,https:\/\/groupesfmai.com\/wp-content\/uploads\/2025\/06\/man-is-working-metal-factory-he-is-welding-piece-rail-using-special-tools-scaled-500x500.jpg 500w,https:\/\/groupesfmai.com\/wp-content\/uploads\/2025\/06\/man-is-working-metal-factory-he-is-welding-piece-rail-using-special-tools-scaled-2550x2550.jpg 2550w\" data-ratio=\"1\" data-original-w=\"2560\" sizes=\"(max-width:479px) 480px,(max-width:767px) 768px,(max-width:1023px) 1024px,500px\" \/>                <\/a>\n            <\/div>\n                <\/figure>\n<\/div><\/div><\/section><!-- widget-container --><style>.aux-parent-au54d83b40 .aux-frame-ratio { padding-bottom:75% }<\/style>\t\t\t\t<\/div>\n\t\t\t\t<\/div>\n\t\t\t\t<\/div>\n\t\t\t\t\t<\/div>\n\t\t\t\t<\/div>\n\t\t<div class=\"aux-parallax-section elementor-element elementor-element-7ecf7494 e-con-full e-transform e-flex e-con e-parent\" data-id=\"7ecf7494\" data-element_type=\"container\" data-settings=\"{&quot;background_background&quot;:&quot;classic&quot;,&quot;jet_parallax_layout_list&quot;:[],&quot;_transform_rotateZ_effect&quot;:{&quot;unit&quot;:&quot;px&quot;,&quot;size&quot;:-9,&quot;sizes&quot;:[]},&quot;_transform_rotateZ_effect_mobile&quot;:{&quot;unit&quot;:&quot;deg&quot;,&quot;size&quot;:348,&quot;sizes&quot;:[]},&quot;_transform_rotateZ_effect_tablet&quot;:{&quot;unit&quot;:&quot;deg&quot;,&quot;size&quot;:&quot;&quot;,&quot;sizes&quot;:[]}}\">\n\t\t\t\t<div class=\"elementor-element elementor-element-20908148 elementor-icon-list--layout-inline elementor-align-center elementor-list-item-link-full_width elementor-widget elementor-widget-icon-list\" data-id=\"20908148\" data-element_type=\"widget\" data-widget_type=\"icon-list.default\">\n\t\t\t\t<div class=\"elementor-widget-container\">\n\t\t\t\t\t\t\t<ul class=\"elementor-icon-list-items elementor-inline-items\">\n\t\t\t\t\t\t\t<li class=\"elementor-icon-list-item elementor-inline-item\">\n\t\t\t\t\t\t\t\t\t\t<span class=\"elementor-icon-list-text\">\ud83d\udd27 Products designed and manufactured by SFMAI to meet your industrial needs!  \ud83c\udfd7\ufe0f Tailor-made handling solutions - manufacturing 100 % SFMAI \u2705 Quality, robustness, performance: put your trust in SFMAI products \ud83c\udde9\ud83c\uddff Local manufacturing in Algeria - SFMAI expertise and know-how \ud83d\udee0\ufe0f Customised equipment, made in our workshops according to your requirements \ud83d\udd29 Overhead travelling cranes, gantry cranes, steel structures... SFMAI manufactures what you imagine \ud83d\ude9a Fast delivery - Products available to order and made to measure!  \ud83c\udfc6 They've trusted us - why shouldn't you? Contact us today!<\/span>\n\t\t\t\t\t\t\t\t\t<\/li>\n\t\t\t\t\t\t<\/ul>\n\t\t\t\t\t\t<\/div>\n\t\t\t\t<\/div>\n\t\t\t\t<\/div>\n\t\t<div class=\"aux-parallax-section elementor-element elementor-element-71784b0f e-flex e-con-boxed e-con e-parent\" data-id=\"71784b0f\" data-element_type=\"container\" data-settings=\"{&quot;jet_parallax_layout_list&quot;:[]}\">\n\t\t\t\t\t<div class=\"e-con-inner\">\n\t\t\t\t<div class=\"elementor-element elementor-element-58328e9e dce_masking-none elementor-widget elementor-widget-video\" data-id=\"58328e9e\" data-element_type=\"widget\" data-settings=\"{&quot;video_type&quot;:&quot;hosted&quot;,&quot;autoplay&quot;:&quot;yes&quot;,&quot;mute&quot;:&quot;yes&quot;,&quot;loop&quot;:&quot;yes&quot;}\" data-widget_type=\"video.default\">\n\t\t\t\t<div class=\"elementor-widget-container\">\n\t\t\t\t\t\t\t<div class=\"e-hosted-video elementor-wrapper elementor-open-inline\">\n\t\t\t\t\t<video class=\"elementor-video\" src=\"https:\/\/groupesfmai.com\/wp-content\/uploads\/2025\/06\/Design-sans-titre-2.mp4\" autoplay=\"\" loop=\"\" muted=\"muted\" controlslist=\"nodownload\"><\/video>\n\t\t\t\t<\/div>\n\t\t\t\t\t\t<\/div>\n\t\t\t\t<\/div>\n\t\t\t\t\t<\/div>\n\t\t\t\t<\/div>\n\t\t<div class=\"aux-parallax-section elementor-element elementor-element-532f70f1 e-flex e-con-boxed e-con e-parent\" data-id=\"532f70f1\" data-element_type=\"container\" data-settings=\"{&quot;background_background&quot;:&quot;gradient&quot;,&quot;jet_parallax_layout_list&quot;:[]}\">\n\t\t\t\t\t<div class=\"e-con-inner\">\n\t\t<div class=\"elementor-element elementor-element-67c60db7 e-con-full e-flex e-con e-child\" data-id=\"67c60db7\" data-element_type=\"container\" data-settings=\"{&quot;jet_parallax_layout_list&quot;:[]}\">\n\t\t\t\t<div class=\"elementor-element elementor-element-12f74102 elementor-position-left elementor-mobile-position-left animated-slow elementor-view-default elementor-invisible elementor-widget elementor-widget-icon-box\" data-id=\"12f74102\" data-element_type=\"widget\" data-settings=\"{&quot;_animation&quot;:&quot;fadeInUp&quot;}\" data-widget_type=\"icon-box.default\">\n\t\t\t\t<div class=\"elementor-widget-container\">\n\t\t\t\t\t\t\t<div class=\"elementor-icon-box-wrapper\">\n\n\t\t\t\t\t\t<div class=\"elementor-icon-box-icon\">\n\t\t\t\t<span  class=\"elementor-icon\">\n\t\t\t\t<i aria-hidden=\"true\" class=\"auxicon auxicon-badge\"><\/i>\t\t\t\t<\/span>\n\t\t\t<\/div>\n\t\t\t\n\t\t\t\t\t\t<div class=\"elementor-icon-box-content\">\n\n\t\t\t\t\t\t\t\t\t<h3 class=\"elementor-icon-box-title\">\n\t\t\t\t\t\t<span  >\n\t\t\t\t\t\t\tBenefit from a full 12-month warranty on all handling equipment in the SFMAI Group range, a guarantee of quality, reliability and performance.\t\t\t\t\t\t<\/span>\n\t\t\t\t\t<\/h3>\n\t\t\t\t\n\t\t\t\t\n\t\t\t<\/div>\n\t\t\t\n\t\t<\/div>\n\t\t\t\t\t\t<\/div>\n\t\t\t\t<\/div>\n\t\t\t\t<div class=\"elementor-element elementor-element-75d5d2fc elementor-position-left elementor-mobile-position-left elementor-view-default elementor-invisible elementor-widget elementor-widget-icon-box\" data-id=\"75d5d2fc\" data-element_type=\"widget\" data-settings=\"{&quot;_animation&quot;:&quot;fadeInUp&quot;}\" data-widget_type=\"icon-box.default\">\n\t\t\t\t<div class=\"elementor-widget-container\">\n\t\t\t\t\t\t\t<div class=\"elementor-icon-box-wrapper\">\n\n\t\t\t\t\t\t<div class=\"elementor-icon-box-icon\">\n\t\t\t\t<span  class=\"elementor-icon\">\n\t\t\t\t<i aria-hidden=\"true\" class=\"far fa-handshake\"><\/i>\t\t\t\t<\/span>\n\t\t\t<\/div>\n\t\t\t\n\t\t\t\t\t\t<div class=\"elementor-icon-box-content\">\n\n\t\t\t\t\t\t\t\t\t<h3 class=\"elementor-icon-box-title\">\n\t\t\t\t\t\t<span  >\n\t\t\t\t\t\t\tBenefit from a full 12-month warranty on all handling equipment in the SFMAI Group range, a guarantee of quality, reliability and performance.\t\t\t\t\t\t<\/span>\n\t\t\t\t\t<\/h3>\n\t\t\t\t\n\t\t\t\t\n\t\t\t<\/div>\n\t\t\t\n\t\t<\/div>\n\t\t\t\t\t\t<\/div>\n\t\t\t\t<\/div>\n\t\t\t\t<\/div>\n\t\t<div class=\"elementor-element elementor-element-3551d0a9 e-con-full e-flex e-con e-child\" data-id=\"3551d0a9\" data-element_type=\"container\" data-settings=\"{&quot;jet_parallax_layout_list&quot;:[]}\">\n\t\t\t\t<div class=\"elementor-element elementor-element-6c71833 elementor-align-center animated-slow elementor-invisible elementor-widget elementor-widget-button\" data-id=\"6c71833\" data-element_type=\"widget\" data-settings=\"{&quot;_animation&quot;:&quot;fadeInRight&quot;}\" data-widget_type=\"button.default\">\n\t\t\t\t<div class=\"elementor-widget-container\">\n\t\t\t\t\t\t\t\t\t<div class=\"elementor-button-wrapper\">\n\t\t\t\t\t<a class=\"elementor-button elementor-button-link elementor-size-sm\" href=\"https:\/\/groupesfmai.com\/en\/contact\/\">\n\t\t\t\t\t\t<span class=\"elementor-button-content-wrapper\">\n\t\t\t\t\t\t\t\t\t<span class=\"elementor-button-text\">request a quote<\/span>\n\t\t\t\t\t<\/span>\n\t\t\t\t\t<\/a>\n\t\t\t\t<\/div>\n\t\t\t\t\t\t\t\t<\/div>\n\t\t\t\t<\/div>\n\t\t\t\t<\/div>\n\t\t\t\t\t<\/div>\n\t\t\t\t<\/div>\n\t\t\t\t<\/div>","protected":false},"excerpt":{"rendered":"","protected":false},"author":1,"featured_media":0,"parent":0,"menu_order":0,"comment_status":"closed","ping_status":"closed","template":"","meta":{"_acf_changed":false,"footnotes":""},"class_list":["post-18248","page","type-page","status-publish","hentry"],"acf":[],"yoast_head":"<!-- This site is optimized with the Yoast SEO Premium plugin v23.9 (Yoast SEO v24.4) - https:\/\/yoast.com\/wordpress\/plugins\/seo\/ -->\n<title>Construction - GROUPE SFMAI<\/title>\n<meta name=\"description\" content=\"Fond\u00e9 en 1990 par les quatre fr\u00e8res Benhamamouch dans un modeste atelier \u00e0 Sidi Belabb\u00e8s, le groupe SFMAI s&#039;est d\u00e9velopp\u00e9 gr\u00e2ce \u00e0 une vision claire, une expertise technique reconnue et un engagement constant envers l&#039;innovation....\" \/>\n<meta name=\"robots\" content=\"index, follow, max-snippet:-1, max-image-preview:large, max-video-preview:-1\" \/>\n<link rel=\"canonical\" href=\"https:\/\/groupesfmai.com\/en\/construction\/\" \/>\n<meta property=\"og:locale\" content=\"en_GB\" \/>\n<meta property=\"og:type\" content=\"article\" \/>\n<meta property=\"og:title\" content=\"Construction\" \/>\n<meta property=\"og:description\" content=\"Fond\u00e9 en 1990 par les quatre fr\u00e8res Benhamamouch dans un modeste atelier \u00e0 Sidi Belabb\u00e8s, le groupe SFMAI s&#039;est d\u00e9velopp\u00e9 gr\u00e2ce \u00e0 une vision claire, une expertise technique reconnue et un engagement constant envers l&#039;innovation....\" \/>\n<meta property=\"og:url\" content=\"https:\/\/groupesfmai.com\/en\/construction\/\" \/>\n<meta property=\"og:site_name\" content=\"GROUPE SFMAI\" \/>\n<meta property=\"article:modified_time\" content=\"2025-06-01T23:27:14+00:00\" \/>\n<meta property=\"og:image\" content=\"https:\/\/groupesfmai.com\/wp-content\/uploads\/2025\/02\/a2f93020-7372-4dae-8634-d42953d3fb6d-e1738699819711.png\" \/>\n\t<meta property=\"og:image:width\" content=\"530\" \/>\n\t<meta property=\"og:image:height\" content=\"697\" \/>\n\t<meta property=\"og:image:type\" content=\"image\/png\" \/>\n<meta name=\"twitter:card\" content=\"summary_large_image\" \/>\n<meta name=\"twitter:label1\" content=\"Estimated reading time\" \/>\n\t<meta name=\"twitter:data1\" content=\"3 minutes\" \/>\n<script type=\"application\/ld+json\" class=\"yoast-schema-graph\">{\"@context\":\"https:\/\/schema.org\",\"@graph\":[{\"@type\":\"WebPage\",\"@id\":\"https:\/\/groupesfmai.com\/construction\/\",\"url\":\"https:\/\/groupesfmai.com\/construction\/\",\"name\":\"Construction - GROUPE SFMAI\",\"isPartOf\":{\"@id\":\"https:\/\/groupesfmai.com\/#website\"},\"datePublished\":\"2025-06-01T23:14:28+00:00\",\"dateModified\":\"2025-06-01T23:27:14+00:00\",\"description\":\"Fond\u00e9 en 1990 par les quatre fr\u00e8res Benhamamouch dans un modeste atelier \u00e0 Sidi Belabb\u00e8s, le groupe SFMAI s'est d\u00e9velopp\u00e9 gr\u00e2ce \u00e0 une vision claire, une expertise technique reconnue et un engagement constant envers l'innovation....\",\"breadcrumb\":{\"@id\":\"https:\/\/groupesfmai.com\/construction\/#breadcrumb\"},\"inLanguage\":\"en-GB\",\"potentialAction\":[{\"@type\":\"ReadAction\",\"target\":[\"https:\/\/groupesfmai.com\/construction\/\"]}]},{\"@type\":\"BreadcrumbList\",\"@id\":\"https:\/\/groupesfmai.com\/construction\/#breadcrumb\",\"itemListElement\":[{\"@type\":\"ListItem\",\"position\":1,\"name\":\"Home\",\"item\":\"https:\/\/groupesfmai.com\/\"},{\"@type\":\"ListItem\",\"position\":2,\"name\":\"Construction\"}]},{\"@type\":\"WebSite\",\"@id\":\"https:\/\/groupesfmai.com\/#website\",\"url\":\"https:\/\/groupesfmai.com\/\",\"name\":\"GROUPE SFMAI\",\"description\":\"ENSEMBLE BATISSONS L&#039;AVENIR\",\"publisher\":{\"@id\":\"https:\/\/groupesfmai.com\/#organization\"},\"alternateName\":\"GROUPE SFMAI\",\"potentialAction\":[{\"@type\":\"SearchAction\",\"target\":{\"@type\":\"EntryPoint\",\"urlTemplate\":\"https:\/\/groupesfmai.com\/?s={search_term_string}\"},\"query-input\":{\"@type\":\"PropertyValueSpecification\",\"valueRequired\":true,\"valueName\":\"search_term_string\"}}],\"inLanguage\":\"en-GB\"},{\"@type\":\"Organization\",\"@id\":\"https:\/\/groupesfmai.com\/#organization\",\"name\":\"Ytec \u2013 Expert en \u00c9lectricit\u00e9 G\u00e9n\u00e9rale, Industrielle, Domotique et S\u00e9curit\u00e9\",\"url\":\"https:\/\/groupesfmai.com\/\",\"logo\":{\"@type\":\"ImageObject\",\"inLanguage\":\"en-GB\",\"@id\":\"https:\/\/groupesfmai.com\/#\/schema\/logo\/image\/\",\"url\":\"https:\/\/groupesfmai.com\/wp-content\/uploads\/2025\/05\/03860a87-3c79-4066-a579-0b113993d132.png\",\"contentUrl\":\"https:\/\/groupesfmai.com\/wp-content\/uploads\/2025\/05\/03860a87-3c79-4066-a579-0b113993d132.png\",\"width\":500,\"height\":142,\"caption\":\"Ytec \u2013 Expert en \u00c9lectricit\u00e9 G\u00e9n\u00e9rale, Industrielle, Domotique et S\u00e9curit\u00e9\"},\"image\":{\"@id\":\"https:\/\/groupesfmai.com\/#\/schema\/logo\/image\/\"},\"description\":\"Ytec est une entreprise sp\u00e9cialis\u00e9e en \u00e9lectricit\u00e9 g\u00e9n\u00e9rale, chauffage \u00e9lectrique, domotique (courant faible) et r\u00e9novation. Nous offrons des solutions innovantes et sur mesure pour am\u00e9liorer votre confort et efficacit\u00e9 \u00e9nerg\u00e9tique. Contactez-nous pour des services professionnels de qualit\u00e9.\"}]}<\/script>\n<!-- \/ Yoast SEO Premium plugin. -->","yoast_head_json":{"title":"Construction - GROUPE SFMAI","description":"Founded in 1990 by the four Benhamamouch brothers in a modest workshop in Sidi Belabb\u00e8s, the SFMAI group has grown thanks to a clear vision, recognised technical expertise and a constant commitment to innovation....","robots":{"index":"index","follow":"follow","max-snippet":"max-snippet:-1","max-image-preview":"max-image-preview:large","max-video-preview":"max-video-preview:-1"},"canonical":"https:\/\/groupesfmai.com\/en\/construction\/","og_locale":"en_GB","og_type":"article","og_title":"Construction","og_description":"Fond\u00e9 en 1990 par les quatre fr\u00e8res Benhamamouch dans un modeste atelier \u00e0 Sidi Belabb\u00e8s, le groupe SFMAI s'est d\u00e9velopp\u00e9 gr\u00e2ce \u00e0 une vision claire, une expertise technique reconnue et un engagement constant envers l'innovation....","og_url":"https:\/\/groupesfmai.com\/en\/construction\/","og_site_name":"GROUPE SFMAI","article_modified_time":"2025-06-01T23:27:14+00:00","og_image":[{"width":530,"height":697,"url":"https:\/\/groupesfmai.com\/wp-content\/uploads\/2025\/02\/a2f93020-7372-4dae-8634-d42953d3fb6d-e1738699819711.png","type":"image\/png"}],"twitter_card":"summary_large_image","twitter_misc":{"Estimated reading time":"3 minutes"},"schema":{"@context":"https:\/\/schema.org","@graph":[{"@type":"WebPage","@id":"https:\/\/groupesfmai.com\/construction\/","url":"https:\/\/groupesfmai.com\/construction\/","name":"Construction - GROUPE SFMAI","isPartOf":{"@id":"https:\/\/groupesfmai.com\/#website"},"datePublished":"2025-06-01T23:14:28+00:00","dateModified":"2025-06-01T23:27:14+00:00","description":"Founded in 1990 by the four Benhamamouch brothers in a modest workshop in Sidi Belabb\u00e8s, the SFMAI group has grown thanks to a clear vision, recognised technical expertise and a constant commitment to innovation....","breadcrumb":{"@id":"https:\/\/groupesfmai.com\/construction\/#breadcrumb"},"inLanguage":"en-GB","potentialAction":[{"@type":"ReadAction","target":["https:\/\/groupesfmai.com\/construction\/"]}]},{"@type":"BreadcrumbList","@id":"https:\/\/groupesfmai.com\/construction\/#breadcrumb","itemListElement":[{"@type":"ListItem","position":1,"name":"Home","item":"https:\/\/groupesfmai.com\/"},{"@type":"ListItem","position":2,"name":"Construction"}]},{"@type":"WebSite","@id":"https:\/\/groupesfmai.com\/#website","url":"https:\/\/groupesfmai.com\/","name":"SFMAI GROUP","description":"BUILDING THE FUTURE TOGETHER","publisher":{"@id":"https:\/\/groupesfmai.com\/#organization"},"alternateName":"GROUPE SFMAI","potentialAction":[{"@type":"SearchAction","target":{"@type":"EntryPoint","urlTemplate":"https:\/\/groupesfmai.com\/?s={search_term_string}"},"query-input":{"@type":"PropertyValueSpecification","valueRequired":true,"valueName":"search_term_string"}}],"inLanguage":"en-GB"},{"@type":"Organization","@id":"https:\/\/groupesfmai.com\/#organization","name":"Ytec - Expert in General, Industrial, Home and Security Electricity","url":"https:\/\/groupesfmai.com\/","logo":{"@type":"ImageObject","inLanguage":"en-GB","@id":"https:\/\/groupesfmai.com\/#\/schema\/logo\/image\/","url":"https:\/\/groupesfmai.com\/wp-content\/uploads\/2025\/05\/03860a87-3c79-4066-a579-0b113993d132.png","contentUrl":"https:\/\/groupesfmai.com\/wp-content\/uploads\/2025\/05\/03860a87-3c79-4066-a579-0b113993d132.png","width":500,"height":142,"caption":"Ytec \u2013 Expert en \u00c9lectricit\u00e9 G\u00e9n\u00e9rale, Industrielle, Domotique et S\u00e9curit\u00e9"},"image":{"@id":"https:\/\/groupesfmai.com\/#\/schema\/logo\/image\/"},"description":"Ytec is a company specialising in general electricity, electrical heating, home automation (low voltage) and renovation. We offer innovative, made-to-measure solutions to improve your comfort and energy efficiency. Contact us for quality professional services."}]}},"_hostinger_reach_plugin_has_subscription_block":false,"_hostinger_reach_plugin_is_elementor":false,"_links":{"self":[{"href":"https:\/\/groupesfmai.com\/en\/wp-json\/wp\/v2\/pages\/18248","targetHints":{"allow":["GET"]}}],"collection":[{"href":"https:\/\/groupesfmai.com\/en\/wp-json\/wp\/v2\/pages"}],"about":[{"href":"https:\/\/groupesfmai.com\/en\/wp-json\/wp\/v2\/types\/page"}],"author":[{"embeddable":true,"href":"https:\/\/groupesfmai.com\/en\/wp-json\/wp\/v2\/users\/1"}],"replies":[{"embeddable":true,"href":"https:\/\/groupesfmai.com\/en\/wp-json\/wp\/v2\/comments?post=18248"}],"version-history":[{"count":9,"href":"https:\/\/groupesfmai.com\/en\/wp-json\/wp\/v2\/pages\/18248\/revisions"}],"predecessor-version":[{"id":18263,"href":"https:\/\/groupesfmai.com\/en\/wp-json\/wp\/v2\/pages\/18248\/revisions\/18263"}],"wp:attachment":[{"href":"https:\/\/groupesfmai.com\/en\/wp-json\/wp\/v2\/media?parent=18248"}],"curies":[{"name":"wp","href":"https:\/\/api.w.org\/{rel}","templated":true}]}}