{"id":18046,"date":"2025-05-26T17:08:01","date_gmt":"2025-05-26T17:08:01","guid":{"rendered":"https:\/\/groupesfmai.com\/?post_type=product&#038;p=18046"},"modified":"2025-05-26T18:06:53","modified_gmt":"2025-05-26T18:06:53","slug":"palette-metallique","status":"publish","type":"product","link":"https:\/\/groupesfmai.com\/es\/producto\/palette-metallique\/","title":{"rendered":"Pal\u00e9 met\u00e1lico"},"content":{"rendered":"<p>Robustas y reutilizables, nuestras paletas met\u00e1licas est\u00e1n dise\u00f1adas para almacenar y transportar cargas pesadas. Disponibles en varios tama\u00f1os, se adaptan a cualquier entorno industrial.<\/p>","protected":false},"excerpt":{"rendered":"<p>Robustas y reutilizables, nuestras paletas met\u00e1licas est\u00e1n dise\u00f1adas para almacenar y transportar cargas pesadas. Disponibles en varios tama\u00f1os, se adaptan a cualquier entorno industrial.<\/p>","protected":false},"featured_media":18083,"comment_status":"open","ping_status":"closed","template":"","meta":{"_acf_changed":false},"product_brand":[],"product_cat":[20],"product_tag":[],"class_list":{"0":"post-18046","1":"product","2":"type-product","3":"status-publish","4":"has-post-thumbnail","6":"product_cat-accessories","8":"first","9":"instock","10":"shipping-taxable","11":"product-type-simple"},"acf":[],"yoast_head":"<!-- This site is optimized with the Yoast SEO Premium plugin v23.9 (Yoast SEO v24.4) - https:\/\/yoast.com\/wordpress\/plugins\/seo\/ -->\n<title>Palette m\u00e9tallique - GROUPE SFMAI<\/title>\n<meta name=\"robots\" content=\"index, follow, max-snippet:-1, max-image-preview:large, max-video-preview:-1\" \/>\n<link rel=\"canonical\" href=\"https:\/\/groupesfmai.com\/es\/producto\/palette-metallique\/\" \/>\n<meta property=\"og:locale\" content=\"es_ES\" \/>\n<meta property=\"og:type\" content=\"article\" \/>\n<meta property=\"og:title\" content=\"Palette m\u00e9tallique\" \/>\n<meta property=\"og:description\" content=\"Robustes et r\u00e9utilisables, nos palettes m\u00e9talliques sont con\u00e7ues pour le stockage et le transport de charges lourdes. Disponibles en plusieurs dimensions, elles s\u2019adaptent \u00e0 tous les environnements industriels.\" \/>\n<meta property=\"og:url\" content=\"https:\/\/groupesfmai.com\/es\/producto\/palette-metallique\/\" \/>\n<meta property=\"og:site_name\" content=\"GROUPE SFMAI\" \/>\n<meta property=\"article:modified_time\" content=\"2025-05-26T18:06:53+00:00\" \/>\n<meta property=\"og:image\" content=\"https:\/\/groupesfmai.com\/wp-content\/uploads\/2025\/05\/7.png\" \/>\n\t<meta property=\"og:image:width\" content=\"1000\" \/>\n\t<meta property=\"og:image:height\" content=\"1000\" \/>\n\t<meta property=\"og:image:type\" content=\"image\/png\" \/>\n<meta name=\"twitter:card\" content=\"summary_large_image\" \/>\n<meta name=\"twitter:label1\" content=\"Tiempo de lectura\" \/>\n\t<meta name=\"twitter:data1\" content=\"1 minuto\" \/>\n<script type=\"application\/ld+json\" class=\"yoast-schema-graph\">{\"@context\":\"https:\/\/schema.org\",\"@graph\":[{\"@type\":\"WebPage\",\"@id\":\"https:\/\/groupesfmai.com\/produit\/palette-metallique\/\",\"url\":\"https:\/\/groupesfmai.com\/produit\/palette-metallique\/\",\"name\":\"Palette m\u00e9tallique - GROUPE SFMAI\",\"isPartOf\":{\"@id\":\"https:\/\/groupesfmai.com\/#website\"},\"primaryImageOfPage\":{\"@id\":\"https:\/\/groupesfmai.com\/produit\/palette-metallique\/#primaryimage\"},\"image\":{\"@id\":\"https:\/\/groupesfmai.com\/produit\/palette-metallique\/#primaryimage\"},\"thumbnailUrl\":\"https:\/\/groupesfmai.com\/wp-content\/uploads\/2025\/05\/7.png\",\"datePublished\":\"2025-05-26T17:08:01+00:00\",\"dateModified\":\"2025-05-26T18:06:53+00:00\",\"breadcrumb\":{\"@id\":\"https:\/\/groupesfmai.com\/produit\/palette-metallique\/#breadcrumb\"},\"inLanguage\":\"es\",\"potentialAction\":[{\"@type\":\"ReadAction\",\"target\":[\"https:\/\/groupesfmai.com\/produit\/palette-metallique\/\"]}]},{\"@type\":\"ImageObject\",\"inLanguage\":\"es\",\"@id\":\"https:\/\/groupesfmai.com\/produit\/palette-metallique\/#primaryimage\",\"url\":\"https:\/\/groupesfmai.com\/wp-content\/uploads\/2025\/05\/7.png\",\"contentUrl\":\"https:\/\/groupesfmai.com\/wp-content\/uploads\/2025\/05\/7.png\",\"width\":1000,\"height\":1000},{\"@type\":\"BreadcrumbList\",\"@id\":\"https:\/\/groupesfmai.com\/produit\/palette-metallique\/#breadcrumb\",\"itemListElement\":[{\"@type\":\"ListItem\",\"position\":1,\"name\":\"Home\",\"item\":\"https:\/\/groupesfmai.com\/\"},{\"@type\":\"ListItem\",\"position\":2,\"name\":\"Products\",\"item\":\"https:\/\/groupesfmai.com\/en\/shop\/\"},{\"@type\":\"ListItem\",\"position\":3,\"name\":\"Palette m\u00e9tallique\"}]},{\"@type\":\"WebSite\",\"@id\":\"https:\/\/groupesfmai.com\/#website\",\"url\":\"https:\/\/groupesfmai.com\/\",\"name\":\"GROUPE SFMAI\",\"description\":\"ENSEMBLE BATISSONS L&#039;AVENIR\",\"publisher\":{\"@id\":\"https:\/\/groupesfmai.com\/#organization\"},\"alternateName\":\"GROUPE SFMAI\",\"potentialAction\":[{\"@type\":\"SearchAction\",\"target\":{\"@type\":\"EntryPoint\",\"urlTemplate\":\"https:\/\/groupesfmai.com\/?s={search_term_string}\"},\"query-input\":{\"@type\":\"PropertyValueSpecification\",\"valueRequired\":true,\"valueName\":\"search_term_string\"}}],\"inLanguage\":\"es\"},{\"@type\":\"Organization\",\"@id\":\"https:\/\/groupesfmai.com\/#organization\",\"name\":\"Ytec \u2013 Expert en \u00c9lectricit\u00e9 G\u00e9n\u00e9rale, Industrielle, Domotique et S\u00e9curit\u00e9\",\"url\":\"https:\/\/groupesfmai.com\/\",\"logo\":{\"@type\":\"ImageObject\",\"inLanguage\":\"es\",\"@id\":\"https:\/\/groupesfmai.com\/#\/schema\/logo\/image\/\",\"url\":\"https:\/\/groupesfmai.com\/wp-content\/uploads\/2025\/05\/03860a87-3c79-4066-a579-0b113993d132.png\",\"contentUrl\":\"https:\/\/groupesfmai.com\/wp-content\/uploads\/2025\/05\/03860a87-3c79-4066-a579-0b113993d132.png\",\"width\":500,\"height\":142,\"caption\":\"Ytec \u2013 Expert en \u00c9lectricit\u00e9 G\u00e9n\u00e9rale, Industrielle, Domotique et S\u00e9curit\u00e9\"},\"image\":{\"@id\":\"https:\/\/groupesfmai.com\/#\/schema\/logo\/image\/\"},\"description\":\"Ytec est une entreprise sp\u00e9cialis\u00e9e en \u00e9lectricit\u00e9 g\u00e9n\u00e9rale, chauffage \u00e9lectrique, domotique (courant faible) et r\u00e9novation. Nous offrons des solutions innovantes et sur mesure pour am\u00e9liorer votre confort et efficacit\u00e9 \u00e9nerg\u00e9tique. Contactez-nous pour des services professionnels de qualit\u00e9.\"}]}<\/script>\n<!-- \/ Yoast SEO Premium plugin. -->","yoast_head_json":{"title":"Palette m\u00e9tallique - GROUPE SFMAI","robots":{"index":"index","follow":"follow","max-snippet":"max-snippet:-1","max-image-preview":"max-image-preview:large","max-video-preview":"max-video-preview:-1"},"canonical":"https:\/\/groupesfmai.com\/es\/producto\/palette-metallique\/","og_locale":"es_ES","og_type":"article","og_title":"Palette m\u00e9tallique","og_description":"Robustes et r\u00e9utilisables, nos palettes m\u00e9talliques sont con\u00e7ues pour le stockage et le transport de charges lourdes. Disponibles en plusieurs dimensions, elles s\u2019adaptent \u00e0 tous les environnements industriels.","og_url":"https:\/\/groupesfmai.com\/es\/producto\/palette-metallique\/","og_site_name":"GROUPE SFMAI","article_modified_time":"2025-05-26T18:06:53+00:00","og_image":[{"width":1000,"height":1000,"url":"https:\/\/groupesfmai.com\/wp-content\/uploads\/2025\/05\/7.png","type":"image\/png"}],"twitter_card":"summary_large_image","twitter_misc":{"Tiempo de lectura":"1 minuto"},"schema":{"@context":"https:\/\/schema.org","@graph":[{"@type":"WebPage","@id":"https:\/\/groupesfmai.com\/produit\/palette-metallique\/","url":"https:\/\/groupesfmai.com\/produit\/palette-metallique\/","name":"Palette m\u00e9tallique - GROUPE SFMAI","isPartOf":{"@id":"https:\/\/groupesfmai.com\/#website"},"primaryImageOfPage":{"@id":"https:\/\/groupesfmai.com\/produit\/palette-metallique\/#primaryimage"},"image":{"@id":"https:\/\/groupesfmai.com\/produit\/palette-metallique\/#primaryimage"},"thumbnailUrl":"https:\/\/groupesfmai.com\/wp-content\/uploads\/2025\/05\/7.png","datePublished":"2025-05-26T17:08:01+00:00","dateModified":"2025-05-26T18:06:53+00:00","breadcrumb":{"@id":"https:\/\/groupesfmai.com\/produit\/palette-metallique\/#breadcrumb"},"inLanguage":"es","potentialAction":[{"@type":"ReadAction","target":["https:\/\/groupesfmai.com\/produit\/palette-metallique\/"]}]},{"@type":"ImageObject","inLanguage":"es","@id":"https:\/\/groupesfmai.com\/produit\/palette-metallique\/#primaryimage","url":"https:\/\/groupesfmai.com\/wp-content\/uploads\/2025\/05\/7.png","contentUrl":"https:\/\/groupesfmai.com\/wp-content\/uploads\/2025\/05\/7.png","width":1000,"height":1000},{"@type":"BreadcrumbList","@id":"https:\/\/groupesfmai.com\/produit\/palette-metallique\/#breadcrumb","itemListElement":[{"@type":"ListItem","position":1,"name":"Home","item":"https:\/\/groupesfmai.com\/"},{"@type":"ListItem","position":2,"name":"Products","item":"https:\/\/groupesfmai.com\/en\/shop\/"},{"@type":"ListItem","position":3,"name":"Palette m\u00e9tallique"}]},{"@type":"WebSite","@id":"https:\/\/groupesfmai.com\/#website","url":"https:\/\/groupesfmai.com\/","name":"GRUPO SFMAI","description":"CONSTRUIR JUNTOS EL FUTURO","publisher":{"@id":"https:\/\/groupesfmai.com\/#organization"},"alternateName":"GROUPE SFMAI","potentialAction":[{"@type":"SearchAction","target":{"@type":"EntryPoint","urlTemplate":"https:\/\/groupesfmai.com\/?s={search_term_string}"},"query-input":{"@type":"PropertyValueSpecification","valueRequired":true,"valueName":"search_term_string"}}],"inLanguage":"es"},{"@type":"Organization","@id":"https:\/\/groupesfmai.com\/#organization","name":"Ytec - Experto en electricidad general, industrial, dom\u00e9stica y de seguridad","url":"https:\/\/groupesfmai.com\/","logo":{"@type":"ImageObject","inLanguage":"es","@id":"https:\/\/groupesfmai.com\/#\/schema\/logo\/image\/","url":"https:\/\/groupesfmai.com\/wp-content\/uploads\/2025\/05\/03860a87-3c79-4066-a579-0b113993d132.png","contentUrl":"https:\/\/groupesfmai.com\/wp-content\/uploads\/2025\/05\/03860a87-3c79-4066-a579-0b113993d132.png","width":500,"height":142,"caption":"Ytec \u2013 Expert en \u00c9lectricit\u00e9 G\u00e9n\u00e9rale, Industrielle, Domotique et S\u00e9curit\u00e9"},"image":{"@id":"https:\/\/groupesfmai.com\/#\/schema\/logo\/image\/"},"description":"Ytec es una empresa especializada en electricidad general, calefacci\u00f3n el\u00e9ctrica, dom\u00f3tica (baja tensi\u00f3n) y reformas. Ofrecemos soluciones innovadoras y a medida para mejorar su confort y eficiencia energ\u00e9tica. P\u00f3ngase en contacto con nosotros para obtener servicios profesionales de calidad."}]}},"_links":{"self":[{"href":"https:\/\/groupesfmai.com\/es\/wp-json\/wp\/v2\/product\/18046","targetHints":{"allow":["GET"]}}],"collection":[{"href":"https:\/\/groupesfmai.com\/es\/wp-json\/wp\/v2\/product"}],"about":[{"href":"https:\/\/groupesfmai.com\/es\/wp-json\/wp\/v2\/types\/product"}],"replies":[{"embeddable":true,"href":"https:\/\/groupesfmai.com\/es\/wp-json\/wp\/v2\/comments?post=18046"}],"wp:featuredmedia":[{"embeddable":true,"href":"https:\/\/groupesfmai.com\/es\/wp-json\/wp\/v2\/media\/18083"}],"wp:attachment":[{"href":"https:\/\/groupesfmai.com\/es\/wp-json\/wp\/v2\/media?parent=18046"}],"wp:term":[{"taxonomy":"product_brand","embeddable":true,"href":"https:\/\/groupesfmai.com\/es\/wp-json\/wp\/v2\/product_brand?post=18046"},{"taxonomy":"product_cat","embeddable":true,"href":"https:\/\/groupesfmai.com\/es\/wp-json\/wp\/v2\/product_cat?post=18046"},{"taxonomy":"product_tag","embeddable":true,"href":"https:\/\/groupesfmai.com\/es\/wp-json\/wp\/v2\/product_tag?post=18046"}],"curies":[{"name":"wp","href":"https:\/\/api.w.org\/{rel}","templated":true}]}}