{"id":10,"date":"2025-01-21T23:39:53","date_gmt":"2025-01-21T23:39:53","guid":{"rendered":"https:\/\/groupesfmai.com\/mon-compte\/"},"modified":"2025-01-21T23:39:53","modified_gmt":"2025-01-21T23:39:53","slug":"mon-compte","status":"publish","type":"page","link":"https:\/\/groupesfmai.com\/ru\/mon-compte\/","title":{"rendered":"Mon compte"},"content":{"rendered":"<div class=\"woocommerce\"><\/div>","protected":false},"excerpt":{"rendered":"","protected":false},"author":1,"featured_media":0,"parent":0,"menu_order":0,"comment_status":"closed","ping_status":"closed","template":"","meta":{"_acf_changed":false,"footnotes":""},"class_list":["post-10","page","type-page","status-publish","hentry"],"acf":[],"yoast_head":"<!-- This site is optimized with the Yoast SEO Premium plugin v23.9 (Yoast SEO v24.4) - https:\/\/yoast.com\/wordpress\/plugins\/seo\/ -->\n<title>Mon compte - GROUPE SFMAI<\/title>\n<meta name=\"description\" content=\"Fond\u00e9 en 1990 par les quatre fr\u00e8res Benhamamouch dans un modeste atelier \u00e0 Sidi Belabb\u00e8s, le groupe SFMAI s&#039;est d\u00e9velopp\u00e9 gr\u00e2ce \u00e0 une vision claire, une expertise technique reconnue et un engagement constant envers l&#039;innovation....\" \/>\n<meta name=\"robots\" content=\"index, follow, max-snippet:-1, max-image-preview:large, max-video-preview:-1\" \/>\n<link rel=\"canonical\" href=\"https:\/\/groupesfmai.com\/ru\/mon-compte\/\" \/>\n<meta property=\"og:locale\" content=\"ru_RU\" \/>\n<meta property=\"og:type\" content=\"article\" \/>\n<meta property=\"og:title\" content=\"Mon compte\" \/>\n<meta property=\"og:description\" content=\"Fond\u00e9 en 1990 par les quatre fr\u00e8res Benhamamouch dans un modeste atelier \u00e0 Sidi Belabb\u00e8s, le groupe SFMAI s&#039;est d\u00e9velopp\u00e9 gr\u00e2ce \u00e0 une vision claire, une expertise technique reconnue et un engagement constant envers l&#039;innovation....\" \/>\n<meta property=\"og:url\" content=\"https:\/\/groupesfmai.com\/ru\/mon-compte\/\" \/>\n<meta property=\"og:site_name\" content=\"GROUPE SFMAI\" \/>\n<meta property=\"og:image\" content=\"https:\/\/groupesfmai.com\/wp-content\/uploads\/2025\/02\/a2f93020-7372-4dae-8634-d42953d3fb6d-e1738699819711.png\" \/>\n\t<meta property=\"og:image:width\" content=\"530\" \/>\n\t<meta property=\"og:image:height\" content=\"697\" \/>\n\t<meta property=\"og:image:type\" content=\"image\/png\" \/>\n<meta name=\"twitter:card\" content=\"summary_large_image\" \/>\n<script type=\"application\/ld+json\" class=\"yoast-schema-graph\">{\"@context\":\"https:\/\/schema.org\",\"@graph\":[{\"@type\":\"WebPage\",\"@id\":\"https:\/\/groupesfmai.com\/mon-compte\/\",\"url\":\"https:\/\/groupesfmai.com\/mon-compte\/\",\"name\":\"Mon compte - GROUPE SFMAI\",\"isPartOf\":{\"@id\":\"https:\/\/groupesfmai.com\/#website\"},\"datePublished\":\"2025-01-21T23:39:53+00:00\",\"description\":\"Fond\u00e9 en 1990 par les quatre fr\u00e8res Benhamamouch dans un modeste atelier \u00e0 Sidi Belabb\u00e8s, le groupe SFMAI s'est d\u00e9velopp\u00e9 gr\u00e2ce \u00e0 une vision claire, une expertise technique reconnue et un engagement constant envers l'innovation....\",\"breadcrumb\":{\"@id\":\"https:\/\/groupesfmai.com\/mon-compte\/#breadcrumb\"},\"inLanguage\":\"ru-RU\",\"potentialAction\":[{\"@type\":\"ReadAction\",\"target\":[\"https:\/\/groupesfmai.com\/mon-compte\/\"]}]},{\"@type\":\"BreadcrumbList\",\"@id\":\"https:\/\/groupesfmai.com\/mon-compte\/#breadcrumb\",\"itemListElement\":[{\"@type\":\"ListItem\",\"position\":1,\"name\":\"Home\",\"item\":\"https:\/\/groupesfmai.com\/\"},{\"@type\":\"ListItem\",\"position\":2,\"name\":\"Mon compte\"}]},{\"@type\":\"WebSite\",\"@id\":\"https:\/\/groupesfmai.com\/#website\",\"url\":\"https:\/\/groupesfmai.com\/\",\"name\":\"GROUPE SFMAI\",\"description\":\"ENSEMBLE BATISSONS L&#039;AVENIR\",\"publisher\":{\"@id\":\"https:\/\/groupesfmai.com\/#organization\"},\"alternateName\":\"GROUPE SFMAI\",\"potentialAction\":[{\"@type\":\"SearchAction\",\"target\":{\"@type\":\"EntryPoint\",\"urlTemplate\":\"https:\/\/groupesfmai.com\/?s={search_term_string}\"},\"query-input\":{\"@type\":\"PropertyValueSpecification\",\"valueRequired\":true,\"valueName\":\"search_term_string\"}}],\"inLanguage\":\"ru-RU\"},{\"@type\":\"Organization\",\"@id\":\"https:\/\/groupesfmai.com\/#organization\",\"name\":\"Ytec \u2013 Expert en \u00c9lectricit\u00e9 G\u00e9n\u00e9rale, Industrielle, Domotique et S\u00e9curit\u00e9\",\"url\":\"https:\/\/groupesfmai.com\/\",\"logo\":{\"@type\":\"ImageObject\",\"inLanguage\":\"ru-RU\",\"@id\":\"https:\/\/groupesfmai.com\/#\/schema\/logo\/image\/\",\"url\":\"https:\/\/groupesfmai.com\/wp-content\/uploads\/2025\/05\/03860a87-3c79-4066-a579-0b113993d132.png\",\"contentUrl\":\"https:\/\/groupesfmai.com\/wp-content\/uploads\/2025\/05\/03860a87-3c79-4066-a579-0b113993d132.png\",\"width\":500,\"height\":142,\"caption\":\"Ytec \u2013 Expert en \u00c9lectricit\u00e9 G\u00e9n\u00e9rale, Industrielle, Domotique et S\u00e9curit\u00e9\"},\"image\":{\"@id\":\"https:\/\/groupesfmai.com\/#\/schema\/logo\/image\/\"},\"description\":\"Ytec est une entreprise sp\u00e9cialis\u00e9e en \u00e9lectricit\u00e9 g\u00e9n\u00e9rale, chauffage \u00e9lectrique, domotique (courant faible) et r\u00e9novation. Nous offrons des solutions innovantes et sur mesure pour am\u00e9liorer votre confort et efficacit\u00e9 \u00e9nerg\u00e9tique. Contactez-nous pour des services professionnels de qualit\u00e9.\"}]}<\/script>\n<!-- \/ Yoast SEO Premium plugin. -->","yoast_head_json":{"title":"Mon compte - GROUPE SFMAI","description":"\u041e\u0441\u043d\u043e\u0432\u0430\u043d\u043d\u0430\u044f \u0432 1990 \u0433\u043e\u0434\u0443 \u0447\u0435\u0442\u044b\u0440\u044c\u043c\u044f \u0431\u0440\u0430\u0442\u044c\u044f\u043c\u0438 \u0411\u0435\u043d\u0445\u0430\u043c\u0430\u043c\u0443\u0448 \u0432 \u0441\u043a\u0440\u043e\u043c\u043d\u043e\u0439 \u043c\u0430\u0441\u0442\u0435\u0440\u0441\u043a\u043e\u0439 \u0432 \u0421\u0438\u0434\u0438 \u0411\u0435\u043b\u0430\u0431\u0431\u0435\u0441, \u0433\u0440\u0443\u043f\u043f\u0430 SFMAI \u0432\u044b\u0440\u043e\u0441\u043b\u0430 \u0431\u043b\u0430\u0433\u043e\u0434\u0430\u0440\u044f \u0447\u0435\u0442\u043a\u043e\u043c\u0443 \u0432\u0438\u0434\u0435\u043d\u0438\u044e, \u043f\u0440\u0438\u0437\u043d\u0430\u043d\u043d\u043e\u043c\u0443 \u0442\u0435\u0445\u043d\u0438\u0447\u0435\u0441\u043a\u043e\u043c\u0443 \u043e\u043f\u044b\u0442\u0443 \u0438 \u043f\u043e\u0441\u0442\u043e\u044f\u043d\u043d\u043e\u043c\u0443 \u0441\u0442\u0440\u0435\u043c\u043b\u0435\u043d\u0438\u044e \u043a \u0438\u043d\u043d\u043e\u0432\u0430\u0446\u0438\u044f\u043c.....","robots":{"index":"index","follow":"follow","max-snippet":"max-snippet:-1","max-image-preview":"max-image-preview:large","max-video-preview":"max-video-preview:-1"},"canonical":"https:\/\/groupesfmai.com\/ru\/mon-compte\/","og_locale":"ru_RU","og_type":"article","og_title":"Mon compte","og_description":"Fond\u00e9 en 1990 par les quatre fr\u00e8res Benhamamouch dans un modeste atelier \u00e0 Sidi Belabb\u00e8s, le groupe SFMAI s'est d\u00e9velopp\u00e9 gr\u00e2ce \u00e0 une vision claire, une expertise technique reconnue et un engagement constant envers l'innovation....","og_url":"https:\/\/groupesfmai.com\/ru\/mon-compte\/","og_site_name":"GROUPE SFMAI","og_image":[{"width":530,"height":697,"url":"https:\/\/groupesfmai.com\/wp-content\/uploads\/2025\/02\/a2f93020-7372-4dae-8634-d42953d3fb6d-e1738699819711.png","type":"image\/png"}],"twitter_card":"summary_large_image","schema":{"@context":"https:\/\/schema.org","@graph":[{"@type":"WebPage","@id":"https:\/\/groupesfmai.com\/mon-compte\/","url":"https:\/\/groupesfmai.com\/mon-compte\/","name":"Mon compte - GROUPE SFMAI","isPartOf":{"@id":"https:\/\/groupesfmai.com\/#website"},"datePublished":"2025-01-21T23:39:53+00:00","description":"\u041e\u0441\u043d\u043e\u0432\u0430\u043d\u043d\u0430\u044f \u0432 1990 \u0433\u043e\u0434\u0443 \u0447\u0435\u0442\u044b\u0440\u044c\u043c\u044f \u0431\u0440\u0430\u0442\u044c\u044f\u043c\u0438 \u0411\u0435\u043d\u0445\u0430\u043c\u0430\u043c\u0443\u0448 \u0432 \u0441\u043a\u0440\u043e\u043c\u043d\u043e\u0439 \u043c\u0430\u0441\u0442\u0435\u0440\u0441\u043a\u043e\u0439 \u0432 \u0421\u0438\u0434\u0438 \u0411\u0435\u043b\u0430\u0431\u0431\u0435\u0441, \u0433\u0440\u0443\u043f\u043f\u0430 SFMAI \u0432\u044b\u0440\u043e\u0441\u043b\u0430 \u0431\u043b\u0430\u0433\u043e\u0434\u0430\u0440\u044f \u0447\u0435\u0442\u043a\u043e\u043c\u0443 \u0432\u0438\u0434\u0435\u043d\u0438\u044e, \u043f\u0440\u0438\u0437\u043d\u0430\u043d\u043d\u043e\u043c\u0443 \u0442\u0435\u0445\u043d\u0438\u0447\u0435\u0441\u043a\u043e\u043c\u0443 \u043e\u043f\u044b\u0442\u0443 \u0438 \u043f\u043e\u0441\u0442\u043e\u044f\u043d\u043d\u043e\u043c\u0443 \u0441\u0442\u0440\u0435\u043c\u043b\u0435\u043d\u0438\u044e \u043a \u0438\u043d\u043d\u043e\u0432\u0430\u0446\u0438\u044f\u043c.....","breadcrumb":{"@id":"https:\/\/groupesfmai.com\/mon-compte\/#breadcrumb"},"inLanguage":"ru-RU","potentialAction":[{"@type":"ReadAction","target":["https:\/\/groupesfmai.com\/mon-compte\/"]}]},{"@type":"BreadcrumbList","@id":"https:\/\/groupesfmai.com\/mon-compte\/#breadcrumb","itemListElement":[{"@type":"ListItem","position":1,"name":"Home","item":"https:\/\/groupesfmai.com\/"},{"@type":"ListItem","position":2,"name":"Mon compte"}]},{"@type":"WebSite","@id":"https:\/\/groupesfmai.com\/#website","url":"https:\/\/groupesfmai.com\/","name":"\u0413\u0420\u0423\u041f\u041f\u0410 \u0421\u0424\u041c\u0410\u0418","description":"\u0421\u0422\u0420\u041e\u0418\u041c \u0411\u0423\u0414\u0423\u0429\u0415\u0415 \u0412\u041c\u0415\u0421\u0422\u0415","publisher":{"@id":"https:\/\/groupesfmai.com\/#organization"},"alternateName":"GROUPE SFMAI","potentialAction":[{"@type":"SearchAction","target":{"@type":"EntryPoint","urlTemplate":"https:\/\/groupesfmai.com\/?s={search_term_string}"},"query-input":{"@type":"PropertyValueSpecification","valueRequired":true,"valueName":"search_term_string"}}],"inLanguage":"ru-RU"},{"@type":"Organization","@id":"https:\/\/groupesfmai.com\/#organization","name":"Ytec \u2013 Expert en \u00c9lectricit\u00e9 G\u00e9n\u00e9rale, Industrielle, Domotique et S\u00e9curit\u00e9","url":"https:\/\/groupesfmai.com\/","logo":{"@type":"ImageObject","inLanguage":"ru-RU","@id":"https:\/\/groupesfmai.com\/#\/schema\/logo\/image\/","url":"https:\/\/groupesfmai.com\/wp-content\/uploads\/2025\/05\/03860a87-3c79-4066-a579-0b113993d132.png","contentUrl":"https:\/\/groupesfmai.com\/wp-content\/uploads\/2025\/05\/03860a87-3c79-4066-a579-0b113993d132.png","width":500,"height":142,"caption":"Ytec \u2013 Expert en \u00c9lectricit\u00e9 G\u00e9n\u00e9rale, Industrielle, Domotique et S\u00e9curit\u00e9"},"image":{"@id":"https:\/\/groupesfmai.com\/#\/schema\/logo\/image\/"},"description":"Ytec est une entreprise sp\u00e9cialis\u00e9e en \u00e9lectricit\u00e9 g\u00e9n\u00e9rale, chauffage \u00e9lectrique, domotique (courant faible) et r\u00e9novation. Nous offrons des solutions innovantes et sur mesure pour am\u00e9liorer votre confort et efficacit\u00e9 \u00e9nerg\u00e9tique. Contactez-nous pour des services professionnels de qualit\u00e9."}]}},"_hostinger_reach_plugin_has_subscription_block":false,"_hostinger_reach_plugin_is_elementor":false,"_links":{"self":[{"href":"https:\/\/groupesfmai.com\/ru\/wp-json\/wp\/v2\/pages\/10","targetHints":{"allow":["GET"]}}],"collection":[{"href":"https:\/\/groupesfmai.com\/ru\/wp-json\/wp\/v2\/pages"}],"about":[{"href":"https:\/\/groupesfmai.com\/ru\/wp-json\/wp\/v2\/types\/page"}],"author":[{"embeddable":true,"href":"https:\/\/groupesfmai.com\/ru\/wp-json\/wp\/v2\/users\/1"}],"replies":[{"embeddable":true,"href":"https:\/\/groupesfmai.com\/ru\/wp-json\/wp\/v2\/comments?post=10"}],"version-history":[{"count":0,"href":"https:\/\/groupesfmai.com\/ru\/wp-json\/wp\/v2\/pages\/10\/revisions"}],"wp:attachment":[{"href":"https:\/\/groupesfmai.com\/ru\/wp-json\/wp\/v2\/media?parent=10"}],"curies":[{"name":"wp","href":"https:\/\/api.w.org\/{rel}","templated":true}]}}