{"id":17014,"date":"2021-03-10T10:54:46","date_gmt":"2021-03-10T10:54:46","guid":{"rendered":"https:\/\/groupesfmai.com\/blog-2\/"},"modified":"2025-05-21T20:28:09","modified_gmt":"2025-05-21T20:28:09","slug":"blog-2","status":"publish","type":"page","link":"https:\/\/groupesfmai.com\/ru\/blog-2\/","title":{"rendered":"\u0411\u043b\u043e\u0433"},"content":{"rendered":"<div data-elementor-type=\"wp-page\" data-elementor-id=\"17014\" class=\"elementor elementor-17014\" data-elementor-post-type=\"page\">\n\t\t\t\t<div class=\"aux-parallax-section elementor-element elementor-element-f4acccb e-flex e-con-boxed e-con e-parent\" data-dce-background-image-url=\"https:\/\/groupesfmai.com\/wp-content\/uploads\/2021\/03\/Design-sans-titre-51-3.png\" data-id=\"f4acccb\" data-element_type=\"container\" data-settings=\"{&quot;background_background&quot;:&quot;classic&quot;,&quot;jet_parallax_layout_list&quot;:[]}\">\n\t\t\t\t\t<div class=\"e-con-inner\">\n\t\t<div class=\"elementor-element elementor-element-cdec39f e-con-full e-flex e-con e-child\" data-id=\"cdec39f\" data-element_type=\"container\" data-settings=\"{&quot;jet_parallax_layout_list&quot;:[]}\">\n\t\t<div class=\"elementor-element elementor-element-e466f7b e-con-full e-flex e-con e-child\" data-id=\"e466f7b\" data-element_type=\"container\" data-settings=\"{&quot;jet_parallax_layout_list&quot;:[]}\">\n\t\t<div class=\"elementor-element elementor-element-306f3c3 e-con-full e-flex e-con e-child\" data-id=\"306f3c3\" data-element_type=\"container\" data-settings=\"{&quot;jet_parallax_layout_list&quot;:[]}\">\n\t\t\t\t<div class=\"elementor-element elementor-element-8d259eb elementor-widget__width-auto aux-appear-watch-animation aux-fade-in-left-1 elementor-widget-divider--view-line elementor-widget elementor-widget-divider\" data-id=\"8d259eb\" data-element_type=\"widget\" data-widget_type=\"divider.default\">\n\t\t\t\t<div class=\"elementor-widget-container\">\n\t\t\t\t\t\t\t<div class=\"elementor-divider\">\n\t\t\t<span class=\"elementor-divider-separator\">\n\t\t\t\t\t\t<\/span>\n\t\t<\/div>\n\t\t\t\t\t\t<\/div>\n\t\t\t\t<\/div>\n\t\t\t\t<div class=\"elementor-element elementor-element-7b08578 elementor-widget__width-auto aux-appear-watch-animation aux-fade-in-right-1 elementor-widget elementor-widget-heading\" data-id=\"7b08578\" data-element_type=\"widget\" data-widget_type=\"heading.default\">\n\t\t\t\t<div class=\"elementor-widget-container\">\n\t\t\t\t\t<h4 class=\"elementor-heading-title elementor-size-default\">\u0411\u043b\u043e\u0433<\/h4>\t\t\t\t<\/div>\n\t\t\t\t<\/div>\n\t\t\t\t<\/div>\n\t\t\t\t<\/div>\n\t\t\t\t<div class=\"elementor-element elementor-element-1158a1c aux-appear-watch-animation aux-fade-in-up elementor-widget elementor-widget-heading\" data-id=\"1158a1c\" data-element_type=\"widget\" data-widget_type=\"heading.default\">\n\t\t\t\t<div class=\"elementor-widget-container\">\n\t\t\t\t\t<h2 class=\"elementor-heading-title elementor-size-default\">\u041d\u0430\u0448\u0438 \u043d\u043e\u0432\u043e\u0441\u0442\u0438<\/h2>\t\t\t\t<\/div>\n\t\t\t\t<\/div>\n\t\t\t\t<div class=\"elementor-element elementor-element-330934b aux-appear-watch-animation aux-fade-in-up elementor-widget elementor-widget-aux_recent_posts\" data-id=\"330934b\" data-element_type=\"widget\" data-settings=\"{&quot;columns&quot;:&quot;3&quot;,&quot;columns_tablet&quot;:&quot;2&quot;,&quot;columns_mobile&quot;:&quot;1&quot;}\" data-widget_type=\"aux_recent_posts.default\">\n\t\t\t\t<div class=\"elementor-widget-container\">\n\t\t\t\t\t<section class=\"widget-container aux-widget-recent-posts aux-parent-auc1ce248f\"><div data-element-id=\"auc1ce248f\" class=\"aux-match-height aux-row aux-de-col3 aux-tb-col2 aux-mb-col1 aux-total-2 aux-no-meta aux-ajax-view\"><div class=\"aux-col post-17594\">\n                        <article class=\"post column-entry post-17594 type-post status-publish format-standard has-post-thumbnail hentry category-groupe-sfmai\">\n                                                        <div class=\"entry-media\"><div class=\"aux-media-frame aux-media-image aux-image-mask\"><a href=\"https:\/\/groupesfmai.com\/ru\/modernisation-continue-sfmai-investit-dans-de-nouveaux-equipements-industriels\/\"><img decoding=\"async\" src=\"https:\/\/groupesfmai.com\/wp-content\/uploads\/2025\/05\/lasercut-industry-scaled-637x494.jpg\" class=\"aux-attachment aux-featured-image attachment-636.66666666667x494.19976666667 aux-attachment-id-17596\" alt=\"Laser cutting beam over plywood sheet\" srcset=\"https:\/\/groupesfmai.com\/wp-content\/uploads\/2025\/05\/lasercut-industry-scaled-150x116.jpg 150w,https:\/\/groupesfmai.com\/wp-content\/uploads\/2025\/05\/lasercut-industry-scaled-400x310.jpg 400w,https:\/\/groupesfmai.com\/wp-content\/uploads\/2025\/05\/lasercut-industry-scaled-768x596.jpg 768w,https:\/\/groupesfmai.com\/wp-content\/uploads\/2025\/05\/lasercut-industry-scaled-1300x1009.jpg 1300w,https:\/\/groupesfmai.com\/wp-content\/uploads\/2025\/05\/lasercut-industry-scaled-637x494.jpg 637w,https:\/\/groupesfmai.com\/wp-content\/uploads\/2025\/05\/lasercut-industry-scaled-2550x1979.jpg 2550w\" data-ratio=\"1.29\" data-original-w=\"2560\" sizes=\"(max-width:479px) 480px,(max-width:767px) 768px,(max-width:1023px) 1024px,637px\" \/><\/a><\/div><\/div>\n                            \n                            <div class=\"entry-main\">\n                                                                                        \n                                <div class=\"entry-info\">\n                                                                    <div class=\"entry-date\">\n                                        <a href=\"https:\/\/groupesfmai.com\/ru\/modernisation-continue-sfmai-investit-dans-de-nouveaux-equipements-industriels\/\">\n                                            <time datetime=\"2025-05-22T13:50:18+00:00\" title=\"2025-05-22T13:50:18+00:00\" >22 \u043c\u0430\u044f, 2025<\/time>\n                                        <\/a>\n                                    <\/div>\n                                                                                                                                                                                                        <\/div>\n                            \n                                <header class=\"entry-header\">\n                                \n                                    <h4 class=\"entry-title\">\n                                        <a href=\"https:\/\/groupesfmai.com\/ru\/modernisation-continue-sfmai-investit-dans-de-nouveaux-equipements-industriels\/\">\n                                            \u041f\u043e\u0441\u0442\u043e\u044f\u043d\u043d\u0430\u044f \u043c\u043e\u0434\u0435\u0440\u043d\u0438\u0437\u0430\u0446\u0438\u044f: \u0421\u0424\u041c\u0410\u0418 \u0438\u043d\u0432\u0435\u0441\u0442\u0438\u0440\u0443\u0435\u0442 \u0432 \u043d\u043e\u0432\u043e\u0435 \u043f\u0440\u043e\u043c\u044b\u0448\u043b\u0435\u043d\u043d\u043e\u0435 \u043e\u0431\u043e\u0440\u0443\u0434\u043e\u0432\u0430\u043d\u0438\u0435                                        <\/a>\n                                    <\/h4>\n                                                                    <div class=\"entry-format\">\n                                        <a href=\"https:\/\/groupesfmai.com\/ru\/modernisation-continue-sfmai-investit-dans-de-nouveaux-equipements-industriels\/\">\n                                            <div class=\"post-format format-\"> <\/div>\n                                        <\/a>\n                                    <\/div>\n                                <\/header>\n                            \n                                                        \n                            <\/div>\n\n                        <\/article>\n<\/div><div class=\"aux-col post-17595\">\n                        <article class=\"post column-entry post-17595 type-post status-publish format-standard has-post-thumbnail hentry category-groupe-sfmai\">\n                                                        <div class=\"entry-media\"><div class=\"aux-media-frame aux-media-image aux-image-mask\"><a href=\"https:\/\/groupesfmai.com\/ru\/debut-des-travaux-pour-une-nouvelle-plateforme-logistique-metallurgique\/\"><img decoding=\"async\" src=\"https:\/\/groupesfmai.com\/wp-content\/uploads\/2025\/05\/cutting-metal-with-plasma-equipment-plant-scaled-637x494.jpg\" class=\"aux-attachment aux-featured-image attachment-636.66666666667x494.19976666667 aux-attachment-id-17597\" alt=\"Worker cutting metal with plasma equipment. on plant\" srcset=\"https:\/\/groupesfmai.com\/wp-content\/uploads\/2025\/05\/cutting-metal-with-plasma-equipment-plant-scaled-150x116.jpg 150w,https:\/\/groupesfmai.com\/wp-content\/uploads\/2025\/05\/cutting-metal-with-plasma-equipment-plant-scaled-400x310.jpg 400w,https:\/\/groupesfmai.com\/wp-content\/uploads\/2025\/05\/cutting-metal-with-plasma-equipment-plant-scaled-768x596.jpg 768w,https:\/\/groupesfmai.com\/wp-content\/uploads\/2025\/05\/cutting-metal-with-plasma-equipment-plant-scaled-1300x1009.jpg 1300w,https:\/\/groupesfmai.com\/wp-content\/uploads\/2025\/05\/cutting-metal-with-plasma-equipment-plant-scaled-637x494.jpg 637w,https:\/\/groupesfmai.com\/wp-content\/uploads\/2025\/05\/cutting-metal-with-plasma-equipment-plant-scaled-2550x1979.jpg 2550w\" data-ratio=\"1.29\" data-original-w=\"2560\" sizes=\"(max-width:479px) 480px,(max-width:767px) 768px,(max-width:1023px) 1024px,637px\" \/><\/a><\/div><\/div>\n                            \n                            <div class=\"entry-main\">\n                                                                                        \n                                <div class=\"entry-info\">\n                                                                    <div class=\"entry-date\">\n                                        <a href=\"https:\/\/groupesfmai.com\/ru\/debut-des-travaux-pour-une-nouvelle-plateforme-logistique-metallurgique\/\">\n                                            <time datetime=\"2025-05-22T13:50:17+00:00\" title=\"2025-05-22T13:50:17+00:00\" >22 \u043c\u0430\u044f, 2025<\/time>\n                                        <\/a>\n                                    <\/div>\n                                                                                                                                                                                                        <\/div>\n                            \n                                <header class=\"entry-header\">\n                                \n                                    <h4 class=\"entry-title\">\n                                        <a href=\"https:\/\/groupesfmai.com\/ru\/debut-des-travaux-pour-une-nouvelle-plateforme-logistique-metallurgique\/\">\n                                            \u041d\u0430\u0447\u0438\u043d\u0430\u044e\u0442\u0441\u044f \u0440\u0430\u0431\u043e\u0442\u044b \u043f\u043e \u0441\u0442\u0440\u043e\u0438\u0442\u0435\u043b\u044c\u0441\u0442\u0432\u0443 \u043d\u043e\u0432\u043e\u0439 \u043c\u0435\u0442\u0430\u043b\u043b\u0443\u0440\u0433\u0438\u0447\u0435\u0441\u043a\u043e\u0439 \u043b\u043e\u0433\u0438\u0441\u0442\u0438\u0447\u0435\u0441\u043a\u043e\u0439 \u043f\u043b\u0430\u0442\u0444\u043e\u0440\u043c\u044b                                        <\/a>\n                                    <\/h4>\n                                                                    <div class=\"entry-format\">\n                                        <a href=\"https:\/\/groupesfmai.com\/ru\/debut-des-travaux-pour-une-nouvelle-plateforme-logistique-metallurgique\/\">\n                                            <div class=\"post-format format-\"> <\/div>\n                                        <\/a>\n                                    <\/div>\n                                <\/header>\n                            \n                                                        \n                            <\/div>\n\n                        <\/article>\n<\/div><\/div><\/section><!-- widget-container -->\t\t\t\t<\/div>\n\t\t\t\t<\/div>\n\t\t\t\t<\/div>\n\t\t\t\t\t<\/div>\n\t\t\t\t<\/div>\n\t\t\t\t<\/div>","protected":false},"excerpt":{"rendered":"<p>Blog Notre actualit\u00e9 f\u00e9vrier 6, 2025 | Edit Pourquoi moderniser vos installations \u00e9lectriques avec Ytec ? f\u00e9vrier 5, 2025 | Edit Optimisez vos installations \u00e9lectriques avec Ytec : S\u00e9curit\u00e9, performance et innovation mars 19, 2021 | Edit Taylor Life in Other Word mars 18, 2021 | Edit Why Materials Science mars 17, 2021 | Edit [&hellip;]<\/p>","protected":false},"author":1,"featured_media":0,"parent":0,"menu_order":0,"comment_status":"closed","ping_status":"closed","template":"templates\/page-builder-content.php","meta":{"_acf_changed":false,"footnotes":""},"class_list":["post-17014","page","type-page","status-publish","hentry"],"acf":[],"yoast_head":"<!-- This site is optimized with the Yoast SEO Premium plugin v23.9 (Yoast SEO v24.4) - https:\/\/yoast.com\/wordpress\/plugins\/seo\/ -->\n<title>Blog - GROUPE SFMAI<\/title>\n<meta name=\"description\" content=\"Fond\u00e9 en 1990 par les quatre fr\u00e8res Benhamamouch dans un modeste atelier \u00e0 Sidi Belabb\u00e8s, le groupe SFMAI s&#039;est d\u00e9velopp\u00e9 gr\u00e2ce \u00e0 une vision claire, une expertise technique reconnue et un engagement constant envers l&#039;innovation....\" \/>\n<meta name=\"robots\" content=\"index, follow, max-snippet:-1, max-image-preview:large, max-video-preview:-1\" \/>\n<link rel=\"canonical\" href=\"https:\/\/groupesfmai.com\/ru\/blog-2\/\" \/>\n<meta property=\"og:locale\" content=\"ru_RU\" \/>\n<meta property=\"og:type\" content=\"article\" \/>\n<meta property=\"og:title\" content=\"Blog\" \/>\n<meta property=\"og:description\" content=\"Fond\u00e9 en 1990 par les quatre fr\u00e8res Benhamamouch dans un modeste atelier \u00e0 Sidi Belabb\u00e8s, le groupe SFMAI s&#039;est d\u00e9velopp\u00e9 gr\u00e2ce \u00e0 une vision claire, une expertise technique reconnue et un engagement constant envers l&#039;innovation....\" \/>\n<meta property=\"og:url\" content=\"https:\/\/groupesfmai.com\/ru\/blog-2\/\" \/>\n<meta property=\"og:site_name\" content=\"GROUPE SFMAI\" \/>\n<meta property=\"article:modified_time\" content=\"2025-05-21T20:28:09+00:00\" \/>\n<meta property=\"og:image\" content=\"https:\/\/groupesfmai.com\/wp-content\/uploads\/2021\/03\/IMG_-1-637x494.png\" \/>\n<meta name=\"twitter:card\" content=\"summary_large_image\" \/>\n<meta name=\"twitter:label1\" content=\"\u041f\u0440\u0438\u043c\u0435\u0440\u043d\u043e\u0435 \u0432\u0440\u0435\u043c\u044f \u0434\u043b\u044f \u0447\u0442\u0435\u043d\u0438\u044f\" \/>\n\t<meta name=\"twitter:data1\" content=\"3 \u043c\u0438\u043d\u0443\u0442\u044b\" \/>\n<script type=\"application\/ld+json\" class=\"yoast-schema-graph\">{\"@context\":\"https:\/\/schema.org\",\"@graph\":[{\"@type\":\"WebPage\",\"@id\":\"https:\/\/groupesfmai.com\/blog-2\/\",\"url\":\"https:\/\/groupesfmai.com\/blog-2\/\",\"name\":\"Blog - GROUPE SFMAI\",\"isPartOf\":{\"@id\":\"https:\/\/groupesfmai.com\/#website\"},\"primaryImageOfPage\":{\"@id\":\"https:\/\/groupesfmai.com\/blog-2\/#primaryimage\"},\"image\":{\"@id\":\"https:\/\/groupesfmai.com\/blog-2\/#primaryimage\"},\"thumbnailUrl\":\"https:\/\/groupesfmai.com\/wp-content\/uploads\/2021\/03\/IMG_-1-637x494.png\",\"datePublished\":\"2021-03-10T10:54:46+00:00\",\"dateModified\":\"2025-05-21T20:28:09+00:00\",\"description\":\"Fond\u00e9 en 1990 par les quatre fr\u00e8res Benhamamouch dans un modeste atelier \u00e0 Sidi Belabb\u00e8s, le groupe SFMAI s'est d\u00e9velopp\u00e9 gr\u00e2ce \u00e0 une vision claire, une expertise technique reconnue et un engagement constant envers l'innovation....\",\"breadcrumb\":{\"@id\":\"https:\/\/groupesfmai.com\/blog-2\/#breadcrumb\"},\"inLanguage\":\"ru-RU\",\"potentialAction\":[{\"@type\":\"ReadAction\",\"target\":[\"https:\/\/groupesfmai.com\/blog-2\/\"]}]},{\"@type\":\"ImageObject\",\"inLanguage\":\"ru-RU\",\"@id\":\"https:\/\/groupesfmai.com\/blog-2\/#primaryimage\",\"url\":\"https:\/\/groupesfmai.com\/wp-content\/uploads\/2021\/03\/IMG_-1-637x494.png\",\"contentUrl\":\"https:\/\/groupesfmai.com\/wp-content\/uploads\/2021\/03\/IMG_-1-637x494.png\"},{\"@type\":\"BreadcrumbList\",\"@id\":\"https:\/\/groupesfmai.com\/blog-2\/#breadcrumb\",\"itemListElement\":[{\"@type\":\"ListItem\",\"position\":1,\"name\":\"Home\",\"item\":\"https:\/\/groupesfmai.com\/\"},{\"@type\":\"ListItem\",\"position\":2,\"name\":\"Blog\"}]},{\"@type\":\"WebSite\",\"@id\":\"https:\/\/groupesfmai.com\/#website\",\"url\":\"https:\/\/groupesfmai.com\/\",\"name\":\"GROUPE SFMAI\",\"description\":\"ENSEMBLE BATISSONS L&#039;AVENIR\",\"publisher\":{\"@id\":\"https:\/\/groupesfmai.com\/#organization\"},\"alternateName\":\"GROUPE SFMAI\",\"potentialAction\":[{\"@type\":\"SearchAction\",\"target\":{\"@type\":\"EntryPoint\",\"urlTemplate\":\"https:\/\/groupesfmai.com\/?s={search_term_string}\"},\"query-input\":{\"@type\":\"PropertyValueSpecification\",\"valueRequired\":true,\"valueName\":\"search_term_string\"}}],\"inLanguage\":\"ru-RU\"},{\"@type\":\"Organization\",\"@id\":\"https:\/\/groupesfmai.com\/#organization\",\"name\":\"Ytec \u2013 Expert en \u00c9lectricit\u00e9 G\u00e9n\u00e9rale, Industrielle, Domotique et S\u00e9curit\u00e9\",\"url\":\"https:\/\/groupesfmai.com\/\",\"logo\":{\"@type\":\"ImageObject\",\"inLanguage\":\"ru-RU\",\"@id\":\"https:\/\/groupesfmai.com\/#\/schema\/logo\/image\/\",\"url\":\"https:\/\/groupesfmai.com\/wp-content\/uploads\/2025\/05\/03860a87-3c79-4066-a579-0b113993d132.png\",\"contentUrl\":\"https:\/\/groupesfmai.com\/wp-content\/uploads\/2025\/05\/03860a87-3c79-4066-a579-0b113993d132.png\",\"width\":500,\"height\":142,\"caption\":\"Ytec \u2013 Expert en \u00c9lectricit\u00e9 G\u00e9n\u00e9rale, Industrielle, Domotique et S\u00e9curit\u00e9\"},\"image\":{\"@id\":\"https:\/\/groupesfmai.com\/#\/schema\/logo\/image\/\"},\"description\":\"Ytec est une entreprise sp\u00e9cialis\u00e9e en \u00e9lectricit\u00e9 g\u00e9n\u00e9rale, chauffage \u00e9lectrique, domotique (courant faible) et r\u00e9novation. Nous offrons des solutions innovantes et sur mesure pour am\u00e9liorer votre confort et efficacit\u00e9 \u00e9nerg\u00e9tique. Contactez-nous pour des services professionnels de qualit\u00e9.\"}]}<\/script>\n<!-- \/ Yoast SEO Premium plugin. -->","yoast_head_json":{"title":"Blog - GROUPE SFMAI","description":"\u041e\u0441\u043d\u043e\u0432\u0430\u043d\u043d\u0430\u044f \u0432 1990 \u0433\u043e\u0434\u0443 \u0447\u0435\u0442\u044b\u0440\u044c\u043c\u044f \u0431\u0440\u0430\u0442\u044c\u044f\u043c\u0438 \u0411\u0435\u043d\u0445\u0430\u043c\u0430\u043c\u0443\u0448 \u0432 \u0441\u043a\u0440\u043e\u043c\u043d\u043e\u0439 \u043c\u0430\u0441\u0442\u0435\u0440\u0441\u043a\u043e\u0439 \u0432 \u0421\u0438\u0434\u0438 \u0411\u0435\u043b\u0430\u0431\u0431\u0435\u0441, \u0433\u0440\u0443\u043f\u043f\u0430 SFMAI \u0432\u044b\u0440\u043e\u0441\u043b\u0430 \u0431\u043b\u0430\u0433\u043e\u0434\u0430\u0440\u044f \u0447\u0435\u0442\u043a\u043e\u043c\u0443 \u0432\u0438\u0434\u0435\u043d\u0438\u044e, \u043f\u0440\u0438\u0437\u043d\u0430\u043d\u043d\u043e\u043c\u0443 \u0442\u0435\u0445\u043d\u0438\u0447\u0435\u0441\u043a\u043e\u043c\u0443 \u043e\u043f\u044b\u0442\u0443 \u0438 \u043f\u043e\u0441\u0442\u043e\u044f\u043d\u043d\u043e\u043c\u0443 \u0441\u0442\u0440\u0435\u043c\u043b\u0435\u043d\u0438\u044e \u043a \u0438\u043d\u043d\u043e\u0432\u0430\u0446\u0438\u044f\u043c.....","robots":{"index":"index","follow":"follow","max-snippet":"max-snippet:-1","max-image-preview":"max-image-preview:large","max-video-preview":"max-video-preview:-1"},"canonical":"https:\/\/groupesfmai.com\/ru\/blog-2\/","og_locale":"ru_RU","og_type":"article","og_title":"Blog","og_description":"Fond\u00e9 en 1990 par les quatre fr\u00e8res Benhamamouch dans un modeste atelier \u00e0 Sidi Belabb\u00e8s, le groupe SFMAI s'est d\u00e9velopp\u00e9 gr\u00e2ce \u00e0 une vision claire, une expertise technique reconnue et un engagement constant envers l'innovation....","og_url":"https:\/\/groupesfmai.com\/ru\/blog-2\/","og_site_name":"GROUPE SFMAI","article_modified_time":"2025-05-21T20:28:09+00:00","og_image":[{"url":"https:\/\/groupesfmai.com\/wp-content\/uploads\/2021\/03\/IMG_-1-637x494.png","type":"","width":"","height":""}],"twitter_card":"summary_large_image","twitter_misc":{"\u041f\u0440\u0438\u043c\u0435\u0440\u043d\u043e\u0435 \u0432\u0440\u0435\u043c\u044f \u0434\u043b\u044f \u0447\u0442\u0435\u043d\u0438\u044f":"3 \u043c\u0438\u043d\u0443\u0442\u044b"},"schema":{"@context":"https:\/\/schema.org","@graph":[{"@type":"WebPage","@id":"https:\/\/groupesfmai.com\/blog-2\/","url":"https:\/\/groupesfmai.com\/blog-2\/","name":"Blog - GROUPE SFMAI","isPartOf":{"@id":"https:\/\/groupesfmai.com\/#website"},"primaryImageOfPage":{"@id":"https:\/\/groupesfmai.com\/blog-2\/#primaryimage"},"image":{"@id":"https:\/\/groupesfmai.com\/blog-2\/#primaryimage"},"thumbnailUrl":"https:\/\/groupesfmai.com\/wp-content\/uploads\/2021\/03\/IMG_-1-637x494.png","datePublished":"2021-03-10T10:54:46+00:00","dateModified":"2025-05-21T20:28:09+00:00","description":"\u041e\u0441\u043d\u043e\u0432\u0430\u043d\u043d\u0430\u044f \u0432 1990 \u0433\u043e\u0434\u0443 \u0447\u0435\u0442\u044b\u0440\u044c\u043c\u044f \u0431\u0440\u0430\u0442\u044c\u044f\u043c\u0438 \u0411\u0435\u043d\u0445\u0430\u043c\u0430\u043c\u0443\u0448 \u0432 \u0441\u043a\u0440\u043e\u043c\u043d\u043e\u0439 \u043c\u0430\u0441\u0442\u0435\u0440\u0441\u043a\u043e\u0439 \u0432 \u0421\u0438\u0434\u0438 \u0411\u0435\u043b\u0430\u0431\u0431\u0435\u0441, \u0433\u0440\u0443\u043f\u043f\u0430 SFMAI \u0432\u044b\u0440\u043e\u0441\u043b\u0430 \u0431\u043b\u0430\u0433\u043e\u0434\u0430\u0440\u044f \u0447\u0435\u0442\u043a\u043e\u043c\u0443 \u0432\u0438\u0434\u0435\u043d\u0438\u044e, \u043f\u0440\u0438\u0437\u043d\u0430\u043d\u043d\u043e\u043c\u0443 \u0442\u0435\u0445\u043d\u0438\u0447\u0435\u0441\u043a\u043e\u043c\u0443 \u043e\u043f\u044b\u0442\u0443 \u0438 \u043f\u043e\u0441\u0442\u043e\u044f\u043d\u043d\u043e\u043c\u0443 \u0441\u0442\u0440\u0435\u043c\u043b\u0435\u043d\u0438\u044e \u043a \u0438\u043d\u043d\u043e\u0432\u0430\u0446\u0438\u044f\u043c.....","breadcrumb":{"@id":"https:\/\/groupesfmai.com\/blog-2\/#breadcrumb"},"inLanguage":"ru-RU","potentialAction":[{"@type":"ReadAction","target":["https:\/\/groupesfmai.com\/blog-2\/"]}]},{"@type":"ImageObject","inLanguage":"ru-RU","@id":"https:\/\/groupesfmai.com\/blog-2\/#primaryimage","url":"https:\/\/groupesfmai.com\/wp-content\/uploads\/2021\/03\/IMG_-1-637x494.png","contentUrl":"https:\/\/groupesfmai.com\/wp-content\/uploads\/2021\/03\/IMG_-1-637x494.png"},{"@type":"BreadcrumbList","@id":"https:\/\/groupesfmai.com\/blog-2\/#breadcrumb","itemListElement":[{"@type":"ListItem","position":1,"name":"Home","item":"https:\/\/groupesfmai.com\/"},{"@type":"ListItem","position":2,"name":"Blog"}]},{"@type":"WebSite","@id":"https:\/\/groupesfmai.com\/#website","url":"https:\/\/groupesfmai.com\/","name":"\u0413\u0420\u0423\u041f\u041f\u0410 \u0421\u0424\u041c\u0410\u0418","description":"\u0421\u0422\u0420\u041e\u0418\u041c \u0411\u0423\u0414\u0423\u0429\u0415\u0415 \u0412\u041c\u0415\u0421\u0422\u0415","publisher":{"@id":"https:\/\/groupesfmai.com\/#organization"},"alternateName":"GROUPE SFMAI","potentialAction":[{"@type":"SearchAction","target":{"@type":"EntryPoint","urlTemplate":"https:\/\/groupesfmai.com\/?s={search_term_string}"},"query-input":{"@type":"PropertyValueSpecification","valueRequired":true,"valueName":"search_term_string"}}],"inLanguage":"ru-RU"},{"@type":"Organization","@id":"https:\/\/groupesfmai.com\/#organization","name":"Ytec \u2013 Expert en \u00c9lectricit\u00e9 G\u00e9n\u00e9rale, Industrielle, Domotique et S\u00e9curit\u00e9","url":"https:\/\/groupesfmai.com\/","logo":{"@type":"ImageObject","inLanguage":"ru-RU","@id":"https:\/\/groupesfmai.com\/#\/schema\/logo\/image\/","url":"https:\/\/groupesfmai.com\/wp-content\/uploads\/2025\/05\/03860a87-3c79-4066-a579-0b113993d132.png","contentUrl":"https:\/\/groupesfmai.com\/wp-content\/uploads\/2025\/05\/03860a87-3c79-4066-a579-0b113993d132.png","width":500,"height":142,"caption":"Ytec \u2013 Expert en \u00c9lectricit\u00e9 G\u00e9n\u00e9rale, Industrielle, Domotique et S\u00e9curit\u00e9"},"image":{"@id":"https:\/\/groupesfmai.com\/#\/schema\/logo\/image\/"},"description":"Ytec est une entreprise sp\u00e9cialis\u00e9e en \u00e9lectricit\u00e9 g\u00e9n\u00e9rale, chauffage \u00e9lectrique, domotique (courant faible) et r\u00e9novation. Nous offrons des solutions innovantes et sur mesure pour am\u00e9liorer votre confort et efficacit\u00e9 \u00e9nerg\u00e9tique. Contactez-nous pour des services professionnels de qualit\u00e9."}]}},"_hostinger_reach_plugin_has_subscription_block":false,"_hostinger_reach_plugin_is_elementor":false,"_links":{"self":[{"href":"https:\/\/groupesfmai.com\/ru\/wp-json\/wp\/v2\/pages\/17014","targetHints":{"allow":["GET"]}}],"collection":[{"href":"https:\/\/groupesfmai.com\/ru\/wp-json\/wp\/v2\/pages"}],"about":[{"href":"https:\/\/groupesfmai.com\/ru\/wp-json\/wp\/v2\/types\/page"}],"author":[{"embeddable":true,"href":"https:\/\/groupesfmai.com\/ru\/wp-json\/wp\/v2\/users\/1"}],"replies":[{"embeddable":true,"href":"https:\/\/groupesfmai.com\/ru\/wp-json\/wp\/v2\/comments?post=17014"}],"version-history":[{"count":3,"href":"https:\/\/groupesfmai.com\/ru\/wp-json\/wp\/v2\/pages\/17014\/revisions"}],"predecessor-version":[{"id":17513,"href":"https:\/\/groupesfmai.com\/ru\/wp-json\/wp\/v2\/pages\/17014\/revisions\/17513"}],"wp:attachment":[{"href":"https:\/\/groupesfmai.com\/ru\/wp-json\/wp\/v2\/media?parent=17014"}],"curies":[{"name":"wp","href":"https:\/\/api.w.org\/{rel}","templated":true}]}}