{"id":18054,"date":"2025-05-26T17:13:08","date_gmt":"2025-05-26T17:13:08","guid":{"rendered":"https:\/\/groupesfmai.com\/?post_type=product&#038;p=18054"},"modified":"2025-05-26T18:07:27","modified_gmt":"2025-05-26T18:07:27","slug":"palonnier-palon","status":"publish","type":"product","link":"https:\/\/groupesfmai.com\/ru\/product\/palonnier-palon\/","title":{"rendered":"\u0420\u0430\u0437\u0434\u0435\u043b\u0438\u0442\u0435\u043b\u044c\u043d\u0430\u044f \u043f\u043b\u0430\u043d\u043a\u0430"},"content":{"rendered":"<h3 data-start=\"1885\" data-end=\"1915\"><\/h3>\n<p data-start=\"1916\" data-end=\"2125\">\u0420\u0430\u0441\u043f\u0440\u0435\u0434\u0435\u043b\u0438\u0442\u0435\u043b\u044c\u043d\u0430\u044f \u0431\u0430\u043b\u043a\u0430 - \u044d\u0442\u043e \u043d\u0435\u0437\u0430\u043c\u0435\u043d\u0438\u043c\u043e\u0435 \u0433\u0440\u0443\u0437\u043e\u043f\u043e\u0434\u044a\u0435\u043c\u043d\u043e\u0435 \u043f\u0440\u0438\u0441\u043f\u043e\u0441\u043e\u0431\u043b\u0435\u043d\u0438\u0435 \u0434\u043b\u044f \u043f\u0435\u0440\u0435\u043c\u0435\u0449\u0435\u043d\u0438\u044f \u0434\u043b\u0438\u043d\u043d\u043e\u043c\u0435\u0440\u043d\u044b\u0445 \u0438\u043b\u0438 \u0441\u043f\u0435\u0446\u0438\u0444\u0438\u0447\u0435\u0441\u043a\u0438\u0445 \u0433\u0440\u0443\u0437\u043e\u0432. \u041d\u0430\u0448\u0438 \u0440\u0430\u0441\u043f\u0440\u0435\u0434\u0435\u043b\u0438\u0442\u0435\u043b\u044c\u043d\u044b\u0435 \u0431\u0430\u043b\u043a\u0438 \u0440\u0430\u0437\u0440\u0430\u0431\u043e\u0442\u0430\u043d\u044b \u0442\u0430\u043a\u0438\u043c \u043e\u0431\u0440\u0430\u0437\u043e\u043c, \u0447\u0442\u043e\u0431\u044b \u043c\u0430\u043a\u0441\u0438\u043c\u0430\u043b\u044c\u043d\u043e \u0431\u0435\u0437\u043e\u043f\u0430\u0441\u043d\u043e \u0430\u0434\u0430\u043f\u0442\u0438\u0440\u043e\u0432\u0430\u0442\u044c\u0441\u044f \u043a \u0432\u0430\u0448\u0438\u043c \u043a\u0440\u0430\u043d\u0430\u043c \u0438 \u043f\u043e\u0440\u0442\u0430\u043b\u0430\u043c.<\/p>","protected":false},"excerpt":{"rendered":"<p>\u0420\u0430\u0441\u043f\u0440\u0435\u0434\u0435\u043b\u0438\u0442\u0435\u043b\u044c\u043d\u0430\u044f \u0431\u0430\u043b\u043a\u0430 - \u044d\u0442\u043e \u043d\u0435\u0437\u0430\u043c\u0435\u043d\u0438\u043c\u043e\u0435 \u0433\u0440\u0443\u0437\u043e\u043f\u043e\u0434\u044a\u0435\u043c\u043d\u043e\u0435 \u043f\u0440\u0438\u0441\u043f\u043e\u0441\u043e\u0431\u043b\u0435\u043d\u0438\u0435 \u0434\u043b\u044f \u043f\u0435\u0440\u0435\u043c\u0435\u0449\u0435\u043d\u0438\u044f \u0434\u043b\u0438\u043d\u043d\u043e\u043c\u0435\u0440\u043d\u044b\u0445 \u0438\u043b\u0438 \u0441\u043f\u0435\u0446\u0438\u0444\u0438\u0447\u0435\u0441\u043a\u0438\u0445 \u0433\u0440\u0443\u0437\u043e\u0432. \u041d\u0430\u0448\u0438 \u0440\u0430\u0441\u043f\u0440\u0435\u0434\u0435\u043b\u0438\u0442\u0435\u043b\u044c\u043d\u044b\u0435 \u0431\u0430\u043b\u043a\u0438 \u0440\u0430\u0437\u0440\u0430\u0431\u043e\u0442\u0430\u043d\u044b \u0442\u0430\u043a\u0438\u043c \u043e\u0431\u0440\u0430\u0437\u043e\u043c, \u0447\u0442\u043e\u0431\u044b \u043c\u0430\u043a\u0441\u0438\u043c\u0430\u043b\u044c\u043d\u043e \u0431\u0435\u0437\u043e\u043f\u0430\u0441\u043d\u043e \u0430\u0434\u0430\u043f\u0442\u0438\u0440\u043e\u0432\u0430\u0442\u044c\u0441\u044f \u043a \u0432\u0430\u0448\u0438\u043c \u043a\u0440\u0430\u043d\u0430\u043c \u0438 \u043f\u043e\u0440\u0442\u0430\u043b\u0430\u043c.<\/p>","protected":false},"featured_media":18080,"comment_status":"open","ping_status":"closed","template":"","meta":{"_acf_changed":false},"product_brand":[],"product_cat":[20],"product_tag":[],"class_list":{"0":"post-18054","1":"product","2":"type-product","3":"status-publish","4":"has-post-thumbnail","6":"product_cat-accessories","8":"first","9":"instock","10":"shipping-taxable","11":"product-type-simple"},"acf":[],"yoast_head":"<!-- This site is optimized with the Yoast SEO Premium plugin v23.9 (Yoast SEO v24.4) - https:\/\/yoast.com\/wordpress\/plugins\/seo\/ -->\n<title>Palonnier (Palon) - GROUPE SFMAI<\/title>\n<meta name=\"robots\" content=\"index, follow, max-snippet:-1, max-image-preview:large, max-video-preview:-1\" \/>\n<link rel=\"canonical\" href=\"https:\/\/groupesfmai.com\/ru\/product\/palonnier-palon\/\" \/>\n<meta property=\"og:locale\" content=\"ru_RU\" \/>\n<meta property=\"og:type\" content=\"article\" \/>\n<meta property=\"og:title\" content=\"Palonnier (Palon)\" \/>\n<meta property=\"og:description\" content=\"Le palonnier est un accessoire de levage indispensable pour la manutention de charges longues ou sp\u00e9cifiques. Nos palons sont con\u00e7us pour s\u2019adapter \u00e0 vos ponts roulants et portiques avec une s\u00e9curit\u00e9 maximale.\" \/>\n<meta property=\"og:url\" content=\"https:\/\/groupesfmai.com\/ru\/product\/palonnier-palon\/\" \/>\n<meta property=\"og:site_name\" content=\"GROUPE SFMAI\" \/>\n<meta property=\"article:modified_time\" content=\"2025-05-26T18:07:27+00:00\" \/>\n<meta property=\"og:image\" content=\"https:\/\/groupesfmai.com\/wp-content\/uploads\/2025\/05\/4.png\" \/>\n\t<meta property=\"og:image:width\" content=\"1000\" \/>\n\t<meta property=\"og:image:height\" content=\"1000\" \/>\n\t<meta property=\"og:image:type\" content=\"image\/png\" \/>\n<meta name=\"twitter:card\" content=\"summary_large_image\" \/>\n<meta name=\"twitter:label1\" content=\"\u041f\u0440\u0438\u043c\u0435\u0440\u043d\u043e\u0435 \u0432\u0440\u0435\u043c\u044f \u0434\u043b\u044f \u0447\u0442\u0435\u043d\u0438\u044f\" \/>\n\t<meta name=\"twitter:data1\" content=\"1 \u043c\u0438\u043d\u0443\u0442\u0430\" \/>\n<script type=\"application\/ld+json\" class=\"yoast-schema-graph\">{\"@context\":\"https:\/\/schema.org\",\"@graph\":[{\"@type\":\"WebPage\",\"@id\":\"https:\/\/groupesfmai.com\/produit\/palonnier-palon\/\",\"url\":\"https:\/\/groupesfmai.com\/produit\/palonnier-palon\/\",\"name\":\"Palonnier (Palon) - GROUPE SFMAI\",\"isPartOf\":{\"@id\":\"https:\/\/groupesfmai.com\/#website\"},\"primaryImageOfPage\":{\"@id\":\"https:\/\/groupesfmai.com\/produit\/palonnier-palon\/#primaryimage\"},\"image\":{\"@id\":\"https:\/\/groupesfmai.com\/produit\/palonnier-palon\/#primaryimage\"},\"thumbnailUrl\":\"https:\/\/groupesfmai.com\/wp-content\/uploads\/2025\/05\/4.png\",\"datePublished\":\"2025-05-26T17:13:08+00:00\",\"dateModified\":\"2025-05-26T18:07:27+00:00\",\"breadcrumb\":{\"@id\":\"https:\/\/groupesfmai.com\/produit\/palonnier-palon\/#breadcrumb\"},\"inLanguage\":\"ru-RU\",\"potentialAction\":[{\"@type\":\"ReadAction\",\"target\":[\"https:\/\/groupesfmai.com\/produit\/palonnier-palon\/\"]}]},{\"@type\":\"ImageObject\",\"inLanguage\":\"ru-RU\",\"@id\":\"https:\/\/groupesfmai.com\/produit\/palonnier-palon\/#primaryimage\",\"url\":\"https:\/\/groupesfmai.com\/wp-content\/uploads\/2025\/05\/4.png\",\"contentUrl\":\"https:\/\/groupesfmai.com\/wp-content\/uploads\/2025\/05\/4.png\",\"width\":1000,\"height\":1000},{\"@type\":\"BreadcrumbList\",\"@id\":\"https:\/\/groupesfmai.com\/produit\/palonnier-palon\/#breadcrumb\",\"itemListElement\":[{\"@type\":\"ListItem\",\"position\":1,\"name\":\"Home\",\"item\":\"https:\/\/groupesfmai.com\/\"},{\"@type\":\"ListItem\",\"position\":2,\"name\":\"Products\",\"item\":\"https:\/\/groupesfmai.com\/en\/shop\/\"},{\"@type\":\"ListItem\",\"position\":3,\"name\":\"Palonnier (Palon)\"}]},{\"@type\":\"WebSite\",\"@id\":\"https:\/\/groupesfmai.com\/#website\",\"url\":\"https:\/\/groupesfmai.com\/\",\"name\":\"GROUPE SFMAI\",\"description\":\"ENSEMBLE BATISSONS L&#039;AVENIR\",\"publisher\":{\"@id\":\"https:\/\/groupesfmai.com\/#organization\"},\"alternateName\":\"GROUPE SFMAI\",\"potentialAction\":[{\"@type\":\"SearchAction\",\"target\":{\"@type\":\"EntryPoint\",\"urlTemplate\":\"https:\/\/groupesfmai.com\/?s={search_term_string}\"},\"query-input\":{\"@type\":\"PropertyValueSpecification\",\"valueRequired\":true,\"valueName\":\"search_term_string\"}}],\"inLanguage\":\"ru-RU\"},{\"@type\":\"Organization\",\"@id\":\"https:\/\/groupesfmai.com\/#organization\",\"name\":\"Ytec \u2013 Expert en \u00c9lectricit\u00e9 G\u00e9n\u00e9rale, Industrielle, Domotique et S\u00e9curit\u00e9\",\"url\":\"https:\/\/groupesfmai.com\/\",\"logo\":{\"@type\":\"ImageObject\",\"inLanguage\":\"ru-RU\",\"@id\":\"https:\/\/groupesfmai.com\/#\/schema\/logo\/image\/\",\"url\":\"https:\/\/groupesfmai.com\/wp-content\/uploads\/2025\/05\/03860a87-3c79-4066-a579-0b113993d132.png\",\"contentUrl\":\"https:\/\/groupesfmai.com\/wp-content\/uploads\/2025\/05\/03860a87-3c79-4066-a579-0b113993d132.png\",\"width\":500,\"height\":142,\"caption\":\"Ytec \u2013 Expert en \u00c9lectricit\u00e9 G\u00e9n\u00e9rale, Industrielle, Domotique et S\u00e9curit\u00e9\"},\"image\":{\"@id\":\"https:\/\/groupesfmai.com\/#\/schema\/logo\/image\/\"},\"description\":\"Ytec est une entreprise sp\u00e9cialis\u00e9e en \u00e9lectricit\u00e9 g\u00e9n\u00e9rale, chauffage \u00e9lectrique, domotique (courant faible) et r\u00e9novation. Nous offrons des solutions innovantes et sur mesure pour am\u00e9liorer votre confort et efficacit\u00e9 \u00e9nerg\u00e9tique. Contactez-nous pour des services professionnels de qualit\u00e9.\"}]}<\/script>\n<!-- \/ Yoast SEO Premium plugin. -->","yoast_head_json":{"title":"Palonnier (Palon) - GROUPE SFMAI","robots":{"index":"index","follow":"follow","max-snippet":"max-snippet:-1","max-image-preview":"max-image-preview:large","max-video-preview":"max-video-preview:-1"},"canonical":"https:\/\/groupesfmai.com\/ru\/product\/palonnier-palon\/","og_locale":"ru_RU","og_type":"article","og_title":"Palonnier (Palon)","og_description":"Le palonnier est un accessoire de levage indispensable pour la manutention de charges longues ou sp\u00e9cifiques. Nos palons sont con\u00e7us pour s\u2019adapter \u00e0 vos ponts roulants et portiques avec une s\u00e9curit\u00e9 maximale.","og_url":"https:\/\/groupesfmai.com\/ru\/product\/palonnier-palon\/","og_site_name":"GROUPE SFMAI","article_modified_time":"2025-05-26T18:07:27+00:00","og_image":[{"width":1000,"height":1000,"url":"https:\/\/groupesfmai.com\/wp-content\/uploads\/2025\/05\/4.png","type":"image\/png"}],"twitter_card":"summary_large_image","twitter_misc":{"\u041f\u0440\u0438\u043c\u0435\u0440\u043d\u043e\u0435 \u0432\u0440\u0435\u043c\u044f \u0434\u043b\u044f \u0447\u0442\u0435\u043d\u0438\u044f":"1 \u043c\u0438\u043d\u0443\u0442\u0430"},"schema":{"@context":"https:\/\/schema.org","@graph":[{"@type":"WebPage","@id":"https:\/\/groupesfmai.com\/produit\/palonnier-palon\/","url":"https:\/\/groupesfmai.com\/produit\/palonnier-palon\/","name":"Palonnier (Palon) - GROUPE SFMAI","isPartOf":{"@id":"https:\/\/groupesfmai.com\/#website"},"primaryImageOfPage":{"@id":"https:\/\/groupesfmai.com\/produit\/palonnier-palon\/#primaryimage"},"image":{"@id":"https:\/\/groupesfmai.com\/produit\/palonnier-palon\/#primaryimage"},"thumbnailUrl":"https:\/\/groupesfmai.com\/wp-content\/uploads\/2025\/05\/4.png","datePublished":"2025-05-26T17:13:08+00:00","dateModified":"2025-05-26T18:07:27+00:00","breadcrumb":{"@id":"https:\/\/groupesfmai.com\/produit\/palonnier-palon\/#breadcrumb"},"inLanguage":"ru-RU","potentialAction":[{"@type":"ReadAction","target":["https:\/\/groupesfmai.com\/produit\/palonnier-palon\/"]}]},{"@type":"ImageObject","inLanguage":"ru-RU","@id":"https:\/\/groupesfmai.com\/produit\/palonnier-palon\/#primaryimage","url":"https:\/\/groupesfmai.com\/wp-content\/uploads\/2025\/05\/4.png","contentUrl":"https:\/\/groupesfmai.com\/wp-content\/uploads\/2025\/05\/4.png","width":1000,"height":1000},{"@type":"BreadcrumbList","@id":"https:\/\/groupesfmai.com\/produit\/palonnier-palon\/#breadcrumb","itemListElement":[{"@type":"ListItem","position":1,"name":"Home","item":"https:\/\/groupesfmai.com\/"},{"@type":"ListItem","position":2,"name":"Products","item":"https:\/\/groupesfmai.com\/en\/shop\/"},{"@type":"ListItem","position":3,"name":"Palonnier (Palon)"}]},{"@type":"WebSite","@id":"https:\/\/groupesfmai.com\/#website","url":"https:\/\/groupesfmai.com\/","name":"\u0413\u0420\u0423\u041f\u041f\u0410 \u0421\u0424\u041c\u0410\u0418","description":"\u0421\u0422\u0420\u041e\u0418\u041c \u0411\u0423\u0414\u0423\u0429\u0415\u0415 \u0412\u041c\u0415\u0421\u0422\u0415","publisher":{"@id":"https:\/\/groupesfmai.com\/#organization"},"alternateName":"GROUPE SFMAI","potentialAction":[{"@type":"SearchAction","target":{"@type":"EntryPoint","urlTemplate":"https:\/\/groupesfmai.com\/?s={search_term_string}"},"query-input":{"@type":"PropertyValueSpecification","valueRequired":true,"valueName":"search_term_string"}}],"inLanguage":"ru-RU"},{"@type":"Organization","@id":"https:\/\/groupesfmai.com\/#organization","name":"Ytec \u2013 Expert en \u00c9lectricit\u00e9 G\u00e9n\u00e9rale, Industrielle, Domotique et S\u00e9curit\u00e9","url":"https:\/\/groupesfmai.com\/","logo":{"@type":"ImageObject","inLanguage":"ru-RU","@id":"https:\/\/groupesfmai.com\/#\/schema\/logo\/image\/","url":"https:\/\/groupesfmai.com\/wp-content\/uploads\/2025\/05\/03860a87-3c79-4066-a579-0b113993d132.png","contentUrl":"https:\/\/groupesfmai.com\/wp-content\/uploads\/2025\/05\/03860a87-3c79-4066-a579-0b113993d132.png","width":500,"height":142,"caption":"Ytec \u2013 Expert en \u00c9lectricit\u00e9 G\u00e9n\u00e9rale, Industrielle, Domotique et S\u00e9curit\u00e9"},"image":{"@id":"https:\/\/groupesfmai.com\/#\/schema\/logo\/image\/"},"description":"Ytec est une entreprise sp\u00e9cialis\u00e9e en \u00e9lectricit\u00e9 g\u00e9n\u00e9rale, chauffage \u00e9lectrique, domotique (courant faible) et r\u00e9novation. Nous offrons des solutions innovantes et sur mesure pour am\u00e9liorer votre confort et efficacit\u00e9 \u00e9nerg\u00e9tique. Contactez-nous pour des services professionnels de qualit\u00e9."}]}},"_links":{"self":[{"href":"https:\/\/groupesfmai.com\/ru\/wp-json\/wp\/v2\/product\/18054","targetHints":{"allow":["GET"]}}],"collection":[{"href":"https:\/\/groupesfmai.com\/ru\/wp-json\/wp\/v2\/product"}],"about":[{"href":"https:\/\/groupesfmai.com\/ru\/wp-json\/wp\/v2\/types\/product"}],"replies":[{"embeddable":true,"href":"https:\/\/groupesfmai.com\/ru\/wp-json\/wp\/v2\/comments?post=18054"}],"wp:featuredmedia":[{"embeddable":true,"href":"https:\/\/groupesfmai.com\/ru\/wp-json\/wp\/v2\/media\/18080"}],"wp:attachment":[{"href":"https:\/\/groupesfmai.com\/ru\/wp-json\/wp\/v2\/media?parent=18054"}],"wp:term":[{"taxonomy":"product_brand","embeddable":true,"href":"https:\/\/groupesfmai.com\/ru\/wp-json\/wp\/v2\/product_brand?post=18054"},{"taxonomy":"product_cat","embeddable":true,"href":"https:\/\/groupesfmai.com\/ru\/wp-json\/wp\/v2\/product_cat?post=18054"},{"taxonomy":"product_tag","embeddable":true,"href":"https:\/\/groupesfmai.com\/ru\/wp-json\/wp\/v2\/product_tag?post=18054"}],"curies":[{"name":"wp","href":"https:\/\/api.w.org\/{rel}","templated":true}]}}