{"id":18546,"date":"2025-11-30T09:21:46","date_gmt":"2025-11-30T09:21:46","guid":{"rendered":"https:\/\/groupesfmai.com\/?post_type=product&#038;p=18546"},"modified":"2025-11-30T10:21:35","modified_gmt":"2025-11-30T10:21:35","slug":"bac-de-deau-et-de-stockage","status":"publish","type":"product","link":"https:\/\/groupesfmai.com\/ru\/product\/bac-de-deau-et-de-stockage\/","title":{"rendered":"\u0420\u0435\u0437\u0435\u0440\u0432\u0443\u0430\u0440 \u0434\u043b\u044f \u0432\u043e\u0434\u044b \u0438 \u0445\u0440\u0430\u043d\u0435\u043d\u0438\u044f"},"content":{"rendered":"<p><img fetchpriority=\"high\" decoding=\"async\" class=\"alignnone size-medium wp-image-18547\" src=\"https:\/\/groupesfmai.com\/wp-content\/uploads\/2025\/11\/IMG-20191022-WA0002-400x300.jpg\" alt=\"\" width=\"400\" height=\"300\" srcset=\"https:\/\/groupesfmai.com\/wp-content\/uploads\/2025\/11\/IMG-20191022-WA0002-400x300.jpg 400w, https:\/\/groupesfmai.com\/wp-content\/uploads\/2025\/11\/IMG-20191022-WA0002-1067x800.jpg 1067w, https:\/\/groupesfmai.com\/wp-content\/uploads\/2025\/11\/IMG-20191022-WA0002-768x576.jpg 768w, https:\/\/groupesfmai.com\/wp-content\/uploads\/2025\/11\/IMG-20191022-WA0002-1536x1152.jpg 1536w, https:\/\/groupesfmai.com\/wp-content\/uploads\/2025\/11\/IMG-20191022-WA0002-16x12.jpg 16w, https:\/\/groupesfmai.com\/wp-content\/uploads\/2025\/11\/IMG-20191022-WA0002-200x150.jpg 200w, https:\/\/groupesfmai.com\/wp-content\/uploads\/2025\/11\/IMG-20191022-WA0002-430x323.jpg 430w, https:\/\/groupesfmai.com\/wp-content\/uploads\/2025\/11\/IMG-20191022-WA0002-700x525.jpg 700w, https:\/\/groupesfmai.com\/wp-content\/uploads\/2025\/11\/IMG-20191022-WA0002.jpg 1600w\" sizes=\"(max-width: 400px) 100vw, 400px\" \/><\/p>","protected":false},"excerpt":{"rendered":"<p><img fetchpriority=\"high\" decoding=\"async\" class=\"alignnone size-medium wp-image-18547\" src=\"https:\/\/groupesfmai.com\/wp-content\/uploads\/2025\/11\/IMG-20191022-WA0002-400x300.jpg\" alt=\"\" width=\"400\" height=\"300\" srcset=\"https:\/\/groupesfmai.com\/wp-content\/uploads\/2025\/11\/IMG-20191022-WA0002-400x300.jpg 400w, https:\/\/groupesfmai.com\/wp-content\/uploads\/2025\/11\/IMG-20191022-WA0002-1067x800.jpg 1067w, https:\/\/groupesfmai.com\/wp-content\/uploads\/2025\/11\/IMG-20191022-WA0002-768x576.jpg 768w, https:\/\/groupesfmai.com\/wp-content\/uploads\/2025\/11\/IMG-20191022-WA0002-1536x1152.jpg 1536w, https:\/\/groupesfmai.com\/wp-content\/uploads\/2025\/11\/IMG-20191022-WA0002-16x12.jpg 16w, https:\/\/groupesfmai.com\/wp-content\/uploads\/2025\/11\/IMG-20191022-WA0002-200x150.jpg 200w, https:\/\/groupesfmai.com\/wp-content\/uploads\/2025\/11\/IMG-20191022-WA0002-430x323.jpg 430w, https:\/\/groupesfmai.com\/wp-content\/uploads\/2025\/11\/IMG-20191022-WA0002-700x525.jpg 700w, https:\/\/groupesfmai.com\/wp-content\/uploads\/2025\/11\/IMG-20191022-WA0002.jpg 1600w\" sizes=\"(max-width: 400px) 100vw, 400px\" \/>Les bacs de stockage industriels offrent des avantages tels que l&rsquo;optimisation de l&rsquo;espace (gr\u00e2ce \u00e0 l&#8217;empilement), une manipulation simplifi\u00e9e (avec chariots \u00e9l\u00e9vateurs), une meilleure organisation et une s\u00e9curit\u00e9 accrue pour les produits, notamment les liquides dangereux gr\u00e2ce aux bacs de r\u00e9tention qui pr\u00e9viennent les fuites. Ils am\u00e9liorent l&rsquo;efficacit\u00e9 op\u00e9rationnelle en facilitant l&rsquo;acc\u00e8s aux articles et en simplifiant la gestion des stocks.<br \/>\nAvantages cl\u00e9s des bacs de stockage industriels<br \/>\n<strong>Gain d&rsquo;espace :<\/strong><br \/>\nLes bacs gerbables permettent d&#8217;empiler plusieurs niveaux, maximisant ainsi l&rsquo;utilisation de l&rsquo;espace en hauteur.<br \/>\nIls s&rsquo;int\u00e8grent parfaitement dans les entrep\u00f4ts et ateliers, m\u00eame dans des environnements exigus.<br \/>\nFacilit\u00e9 de manipulation et de transport :<br \/>\nIls sont con\u00e7us pour \u00eatre facilement manipul\u00e9s \u00e0 l&rsquo;aide d&rsquo;\u00e9quipements courants comme les chariots \u00e9l\u00e9vateurs ou les transpalettes.<br \/>\nCertains mod\u00e8les sont pliables ou basculants pour faciliter leur d\u00e9placement et leur rangement lorsqu&rsquo;ils sont vides.<br \/>\n<strong>Organisation et accessibilit\u00e9 :<\/strong><br \/>\nIls permettent de regrouper et de ranger les articles de mani\u00e8re organis\u00e9e, facilitant ainsi le suivi des stocks.<br \/>\nLeur conception (comme les bacs \u00e0 bec) offre un acc\u00e8s rapide aux produits, ce qui am\u00e9liore le picking et la productivit\u00e9.<br \/>\n<strong>S\u00e9curit\u00e9 renforc\u00e9e :<\/strong><br \/>\nLes bacs de r\u00e9tention sont sp\u00e9cialement con\u00e7us pour contenir les fuites de produits dangereux (chimiques, huiles, etc.), prot\u00e9geant ainsi l&rsquo;environnement et les op\u00e9rateurs.<br \/>\nIls aident les entreprises \u00e0 se conformer aux r\u00e9glementations environnementales et de s\u00e9curit\u00e9.<br \/>\nLeur robustesse (souvent en poly\u00e9thyl\u00e8ne ou en acier) r\u00e9siste aux chocs, \u00e0 l&rsquo;abrasion et aux produits chimiques, assurant une longue dur\u00e9e de vie et minimisant les risques de d\u00e9faillance.<\/p>","protected":false},"featured_media":18547,"comment_status":"open","ping_status":"closed","template":"","meta":{"_acf_changed":false},"product_brand":[],"product_cat":[20],"product_tag":[],"class_list":{"0":"post-18546","1":"product","2":"type-product","3":"status-publish","4":"has-post-thumbnail","6":"product_cat-accessories","8":"first","9":"instock","10":"shipping-taxable","11":"product-type-simple"},"acf":[],"yoast_head":"<!-- This site is optimized with the Yoast SEO Premium plugin v23.9 (Yoast SEO v24.4) - https:\/\/yoast.com\/wordpress\/plugins\/seo\/ -->\n<title>Bac de d&#039;eau et de stockage - GROUPE SFMAI<\/title>\n<meta name=\"robots\" content=\"index, follow, max-snippet:-1, max-image-preview:large, max-video-preview:-1\" \/>\n<link rel=\"canonical\" href=\"https:\/\/groupesfmai.com\/ru\/product\/bac-de-deau-et-de-stockage\/\" \/>\n<meta property=\"og:locale\" content=\"ru_RU\" \/>\n<meta property=\"og:type\" content=\"article\" \/>\n<meta property=\"og:title\" content=\"Bac de d&#039;eau et de stockage\" \/>\n<meta property=\"og:description\" content=\"Les bacs de stockage industriels offrent des avantages tels que l&#039;optimisation de l&#039;espace (gr\u00e2ce \u00e0 l&#039;empilement), une manipulation simplifi\u00e9e (avec chariots \u00e9l\u00e9vateurs), une meilleure organisation et une s\u00e9curit\u00e9 accrue pour les produits, notamment les liquides dangereux gr\u00e2ce aux bacs de r\u00e9tention qui pr\u00e9viennent les fuites. Ils am\u00e9liorent l&#039;efficacit\u00e9 op\u00e9rationnelle en facilitant l&#039;acc\u00e8s aux articles et en simplifiant la gestion des stocks. Avantages cl\u00e9s des bacs de stockage industriels Gain d&#039;espace : Les bacs gerbables permettent d&#039;empiler plusieurs niveaux, maximisant ainsi l&#039;utilisation de l&#039;espace en hauteur. Ils s&#039;int\u00e8grent parfaitement dans les entrep\u00f4ts et ateliers, m\u00eame dans des environnements exigus. Facilit\u00e9 de manipulation et de transport : Ils sont con\u00e7us pour \u00eatre facilement manipul\u00e9s \u00e0 l&#039;aide d&#039;\u00e9quipements courants comme les chariots \u00e9l\u00e9vateurs ou les transpalettes. Certains mod\u00e8les sont pliables ou basculants pour faciliter leur d\u00e9placement et leur rangement lorsqu&#039;ils sont vides. Organisation et accessibilit\u00e9 : Ils permettent de regrouper et de ranger les articles de mani\u00e8re organis\u00e9e, facilitant ainsi le suivi des stocks. Leur conception (comme les bacs \u00e0 bec) offre un acc\u00e8s rapide aux produits, ce qui am\u00e9liore le picking et la productivit\u00e9. S\u00e9curit\u00e9 renforc\u00e9e : Les bacs de r\u00e9tention sont sp\u00e9cialement con\u00e7us pour contenir les fuites de produits dangereux (chimiques, huiles, etc.), prot\u00e9geant ainsi l&#039;environnement et les op\u00e9rateurs. Ils aident les entreprises \u00e0 se conformer aux r\u00e9glementations environnementales et de s\u00e9curit\u00e9. Leur robustesse (souvent en poly\u00e9thyl\u00e8ne ou en acier) r\u00e9siste aux chocs, \u00e0 l&#039;abrasion et aux produits chimiques, assurant une longue dur\u00e9e de vie et minimisant les risques de d\u00e9faillance.\" \/>\n<meta property=\"og:url\" content=\"https:\/\/groupesfmai.com\/ru\/product\/bac-de-deau-et-de-stockage\/\" \/>\n<meta property=\"og:site_name\" content=\"GROUPE SFMAI\" \/>\n<meta property=\"article:modified_time\" content=\"2025-11-30T10:21:35+00:00\" \/>\n<meta property=\"og:image\" content=\"https:\/\/groupesfmai.com\/wp-content\/uploads\/2025\/11\/IMG-20191022-WA0002.jpg\" \/>\n\t<meta property=\"og:image:width\" content=\"1600\" \/>\n\t<meta property=\"og:image:height\" content=\"1200\" \/>\n\t<meta property=\"og:image:type\" content=\"image\/jpeg\" \/>\n<meta name=\"twitter:card\" content=\"summary_large_image\" \/>\n<meta name=\"twitter:label1\" content=\"\u041f\u0440\u0438\u043c\u0435\u0440\u043d\u043e\u0435 \u0432\u0440\u0435\u043c\u044f \u0434\u043b\u044f \u0447\u0442\u0435\u043d\u0438\u044f\" \/>\n\t<meta name=\"twitter:data1\" content=\"1 \u043c\u0438\u043d\u0443\u0442\u0430\" \/>\n<script type=\"application\/ld+json\" class=\"yoast-schema-graph\">{\"@context\":\"https:\/\/schema.org\",\"@graph\":[{\"@type\":\"WebPage\",\"@id\":\"https:\/\/groupesfmai.com\/produit\/bac-de-deau-et-de-stockage\/\",\"url\":\"https:\/\/groupesfmai.com\/produit\/bac-de-deau-et-de-stockage\/\",\"name\":\"Bac de d'eau et de stockage - GROUPE SFMAI\",\"isPartOf\":{\"@id\":\"https:\/\/groupesfmai.com\/#website\"},\"primaryImageOfPage\":{\"@id\":\"https:\/\/groupesfmai.com\/produit\/bac-de-deau-et-de-stockage\/#primaryimage\"},\"image\":{\"@id\":\"https:\/\/groupesfmai.com\/produit\/bac-de-deau-et-de-stockage\/#primaryimage\"},\"thumbnailUrl\":\"https:\/\/groupesfmai.com\/wp-content\/uploads\/2025\/11\/IMG-20191022-WA0002.jpg\",\"datePublished\":\"2025-11-30T09:21:46+00:00\",\"dateModified\":\"2025-11-30T10:21:35+00:00\",\"breadcrumb\":{\"@id\":\"https:\/\/groupesfmai.com\/produit\/bac-de-deau-et-de-stockage\/#breadcrumb\"},\"inLanguage\":\"ru-RU\",\"potentialAction\":[{\"@type\":\"ReadAction\",\"target\":[\"https:\/\/groupesfmai.com\/produit\/bac-de-deau-et-de-stockage\/\"]}]},{\"@type\":\"ImageObject\",\"inLanguage\":\"ru-RU\",\"@id\":\"https:\/\/groupesfmai.com\/produit\/bac-de-deau-et-de-stockage\/#primaryimage\",\"url\":\"https:\/\/groupesfmai.com\/wp-content\/uploads\/2025\/11\/IMG-20191022-WA0002.jpg\",\"contentUrl\":\"https:\/\/groupesfmai.com\/wp-content\/uploads\/2025\/11\/IMG-20191022-WA0002.jpg\",\"width\":1600,\"height\":1200},{\"@type\":\"BreadcrumbList\",\"@id\":\"https:\/\/groupesfmai.com\/produit\/bac-de-deau-et-de-stockage\/#breadcrumb\",\"itemListElement\":[{\"@type\":\"ListItem\",\"position\":1,\"name\":\"Home\",\"item\":\"https:\/\/groupesfmai.com\/\"},{\"@type\":\"ListItem\",\"position\":2,\"name\":\"Products\",\"item\":\"https:\/\/groupesfmai.com\/en\/shop\/\"},{\"@type\":\"ListItem\",\"position\":3,\"name\":\"Bac de d&#8217;eau et de stockage\"}]},{\"@type\":\"WebSite\",\"@id\":\"https:\/\/groupesfmai.com\/#website\",\"url\":\"https:\/\/groupesfmai.com\/\",\"name\":\"GROUPE SFMAI\",\"description\":\"ENSEMBLE BATISSONS L&#039;AVENIR\",\"publisher\":{\"@id\":\"https:\/\/groupesfmai.com\/#organization\"},\"alternateName\":\"GROUPE SFMAI\",\"potentialAction\":[{\"@type\":\"SearchAction\",\"target\":{\"@type\":\"EntryPoint\",\"urlTemplate\":\"https:\/\/groupesfmai.com\/?s={search_term_string}\"},\"query-input\":{\"@type\":\"PropertyValueSpecification\",\"valueRequired\":true,\"valueName\":\"search_term_string\"}}],\"inLanguage\":\"ru-RU\"},{\"@type\":\"Organization\",\"@id\":\"https:\/\/groupesfmai.com\/#organization\",\"name\":\"Ytec \u2013 Expert en \u00c9lectricit\u00e9 G\u00e9n\u00e9rale, Industrielle, Domotique et S\u00e9curit\u00e9\",\"url\":\"https:\/\/groupesfmai.com\/\",\"logo\":{\"@type\":\"ImageObject\",\"inLanguage\":\"ru-RU\",\"@id\":\"https:\/\/groupesfmai.com\/#\/schema\/logo\/image\/\",\"url\":\"https:\/\/groupesfmai.com\/wp-content\/uploads\/2025\/05\/03860a87-3c79-4066-a579-0b113993d132.png\",\"contentUrl\":\"https:\/\/groupesfmai.com\/wp-content\/uploads\/2025\/05\/03860a87-3c79-4066-a579-0b113993d132.png\",\"width\":500,\"height\":142,\"caption\":\"Ytec \u2013 Expert en \u00c9lectricit\u00e9 G\u00e9n\u00e9rale, Industrielle, Domotique et S\u00e9curit\u00e9\"},\"image\":{\"@id\":\"https:\/\/groupesfmai.com\/#\/schema\/logo\/image\/\"},\"description\":\"Ytec est une entreprise sp\u00e9cialis\u00e9e en \u00e9lectricit\u00e9 g\u00e9n\u00e9rale, chauffage \u00e9lectrique, domotique (courant faible) et r\u00e9novation. Nous offrons des solutions innovantes et sur mesure pour am\u00e9liorer votre confort et efficacit\u00e9 \u00e9nerg\u00e9tique. Contactez-nous pour des services professionnels de qualit\u00e9.\"}]}<\/script>\n<!-- \/ Yoast SEO Premium plugin. -->","yoast_head_json":{"title":"Bac de d'eau et de stockage - GROUPE SFMAI","robots":{"index":"index","follow":"follow","max-snippet":"max-snippet:-1","max-image-preview":"max-image-preview:large","max-video-preview":"max-video-preview:-1"},"canonical":"https:\/\/groupesfmai.com\/ru\/product\/bac-de-deau-et-de-stockage\/","og_locale":"ru_RU","og_type":"article","og_title":"Bac de d'eau et de stockage","og_description":"Les bacs de stockage industriels offrent des avantages tels que l'optimisation de l'espace (gr\u00e2ce \u00e0 l'empilement), une manipulation simplifi\u00e9e (avec chariots \u00e9l\u00e9vateurs), une meilleure organisation et une s\u00e9curit\u00e9 accrue pour les produits, notamment les liquides dangereux gr\u00e2ce aux bacs de r\u00e9tention qui pr\u00e9viennent les fuites. Ils am\u00e9liorent l'efficacit\u00e9 op\u00e9rationnelle en facilitant l'acc\u00e8s aux articles et en simplifiant la gestion des stocks. Avantages cl\u00e9s des bacs de stockage industriels Gain d'espace : Les bacs gerbables permettent d'empiler plusieurs niveaux, maximisant ainsi l'utilisation de l'espace en hauteur. Ils s'int\u00e8grent parfaitement dans les entrep\u00f4ts et ateliers, m\u00eame dans des environnements exigus. Facilit\u00e9 de manipulation et de transport : Ils sont con\u00e7us pour \u00eatre facilement manipul\u00e9s \u00e0 l'aide d'\u00e9quipements courants comme les chariots \u00e9l\u00e9vateurs ou les transpalettes. Certains mod\u00e8les sont pliables ou basculants pour faciliter leur d\u00e9placement et leur rangement lorsqu'ils sont vides. Organisation et accessibilit\u00e9 : Ils permettent de regrouper et de ranger les articles de mani\u00e8re organis\u00e9e, facilitant ainsi le suivi des stocks. Leur conception (comme les bacs \u00e0 bec) offre un acc\u00e8s rapide aux produits, ce qui am\u00e9liore le picking et la productivit\u00e9. S\u00e9curit\u00e9 renforc\u00e9e : Les bacs de r\u00e9tention sont sp\u00e9cialement con\u00e7us pour contenir les fuites de produits dangereux (chimiques, huiles, etc.), prot\u00e9geant ainsi l'environnement et les op\u00e9rateurs. Ils aident les entreprises \u00e0 se conformer aux r\u00e9glementations environnementales et de s\u00e9curit\u00e9. Leur robustesse (souvent en poly\u00e9thyl\u00e8ne ou en acier) r\u00e9siste aux chocs, \u00e0 l'abrasion et aux produits chimiques, assurant une longue dur\u00e9e de vie et minimisant les risques de d\u00e9faillance.","og_url":"https:\/\/groupesfmai.com\/ru\/product\/bac-de-deau-et-de-stockage\/","og_site_name":"GROUPE SFMAI","article_modified_time":"2025-11-30T10:21:35+00:00","og_image":[{"width":1600,"height":1200,"url":"https:\/\/groupesfmai.com\/wp-content\/uploads\/2025\/11\/IMG-20191022-WA0002.jpg","type":"image\/jpeg"}],"twitter_card":"summary_large_image","twitter_misc":{"\u041f\u0440\u0438\u043c\u0435\u0440\u043d\u043e\u0435 \u0432\u0440\u0435\u043c\u044f \u0434\u043b\u044f \u0447\u0442\u0435\u043d\u0438\u044f":"1 \u043c\u0438\u043d\u0443\u0442\u0430"},"schema":{"@context":"https:\/\/schema.org","@graph":[{"@type":"WebPage","@id":"https:\/\/groupesfmai.com\/produit\/bac-de-deau-et-de-stockage\/","url":"https:\/\/groupesfmai.com\/produit\/bac-de-deau-et-de-stockage\/","name":"Bac de d'eau et de stockage - GROUPE SFMAI","isPartOf":{"@id":"https:\/\/groupesfmai.com\/#website"},"primaryImageOfPage":{"@id":"https:\/\/groupesfmai.com\/produit\/bac-de-deau-et-de-stockage\/#primaryimage"},"image":{"@id":"https:\/\/groupesfmai.com\/produit\/bac-de-deau-et-de-stockage\/#primaryimage"},"thumbnailUrl":"https:\/\/groupesfmai.com\/wp-content\/uploads\/2025\/11\/IMG-20191022-WA0002.jpg","datePublished":"2025-11-30T09:21:46+00:00","dateModified":"2025-11-30T10:21:35+00:00","breadcrumb":{"@id":"https:\/\/groupesfmai.com\/produit\/bac-de-deau-et-de-stockage\/#breadcrumb"},"inLanguage":"ru-RU","potentialAction":[{"@type":"ReadAction","target":["https:\/\/groupesfmai.com\/produit\/bac-de-deau-et-de-stockage\/"]}]},{"@type":"ImageObject","inLanguage":"ru-RU","@id":"https:\/\/groupesfmai.com\/produit\/bac-de-deau-et-de-stockage\/#primaryimage","url":"https:\/\/groupesfmai.com\/wp-content\/uploads\/2025\/11\/IMG-20191022-WA0002.jpg","contentUrl":"https:\/\/groupesfmai.com\/wp-content\/uploads\/2025\/11\/IMG-20191022-WA0002.jpg","width":1600,"height":1200},{"@type":"BreadcrumbList","@id":"https:\/\/groupesfmai.com\/produit\/bac-de-deau-et-de-stockage\/#breadcrumb","itemListElement":[{"@type":"ListItem","position":1,"name":"Home","item":"https:\/\/groupesfmai.com\/"},{"@type":"ListItem","position":2,"name":"Products","item":"https:\/\/groupesfmai.com\/en\/shop\/"},{"@type":"ListItem","position":3,"name":"Bac de d&#8217;eau et de stockage"}]},{"@type":"WebSite","@id":"https:\/\/groupesfmai.com\/#website","url":"https:\/\/groupesfmai.com\/","name":"\u0413\u0420\u0423\u041f\u041f\u0410 \u0421\u0424\u041c\u0410\u0418","description":"\u0421\u0422\u0420\u041e\u0418\u041c \u0411\u0423\u0414\u0423\u0429\u0415\u0415 \u0412\u041c\u0415\u0421\u0422\u0415","publisher":{"@id":"https:\/\/groupesfmai.com\/#organization"},"alternateName":"GROUPE SFMAI","potentialAction":[{"@type":"SearchAction","target":{"@type":"EntryPoint","urlTemplate":"https:\/\/groupesfmai.com\/?s={search_term_string}"},"query-input":{"@type":"PropertyValueSpecification","valueRequired":true,"valueName":"search_term_string"}}],"inLanguage":"ru-RU"},{"@type":"Organization","@id":"https:\/\/groupesfmai.com\/#organization","name":"Ytec \u2013 Expert en \u00c9lectricit\u00e9 G\u00e9n\u00e9rale, Industrielle, Domotique et S\u00e9curit\u00e9","url":"https:\/\/groupesfmai.com\/","logo":{"@type":"ImageObject","inLanguage":"ru-RU","@id":"https:\/\/groupesfmai.com\/#\/schema\/logo\/image\/","url":"https:\/\/groupesfmai.com\/wp-content\/uploads\/2025\/05\/03860a87-3c79-4066-a579-0b113993d132.png","contentUrl":"https:\/\/groupesfmai.com\/wp-content\/uploads\/2025\/05\/03860a87-3c79-4066-a579-0b113993d132.png","width":500,"height":142,"caption":"Ytec \u2013 Expert en \u00c9lectricit\u00e9 G\u00e9n\u00e9rale, Industrielle, Domotique et S\u00e9curit\u00e9"},"image":{"@id":"https:\/\/groupesfmai.com\/#\/schema\/logo\/image\/"},"description":"Ytec est une entreprise sp\u00e9cialis\u00e9e en \u00e9lectricit\u00e9 g\u00e9n\u00e9rale, chauffage \u00e9lectrique, domotique (courant faible) et r\u00e9novation. Nous offrons des solutions innovantes et sur mesure pour am\u00e9liorer votre confort et efficacit\u00e9 \u00e9nerg\u00e9tique. Contactez-nous pour des services professionnels de qualit\u00e9."}]}},"_links":{"self":[{"href":"https:\/\/groupesfmai.com\/ru\/wp-json\/wp\/v2\/product\/18546","targetHints":{"allow":["GET"]}}],"collection":[{"href":"https:\/\/groupesfmai.com\/ru\/wp-json\/wp\/v2\/product"}],"about":[{"href":"https:\/\/groupesfmai.com\/ru\/wp-json\/wp\/v2\/types\/product"}],"replies":[{"embeddable":true,"href":"https:\/\/groupesfmai.com\/ru\/wp-json\/wp\/v2\/comments?post=18546"}],"wp:featuredmedia":[{"embeddable":true,"href":"https:\/\/groupesfmai.com\/ru\/wp-json\/wp\/v2\/media\/18547"}],"wp:attachment":[{"href":"https:\/\/groupesfmai.com\/ru\/wp-json\/wp\/v2\/media?parent=18546"}],"wp:term":[{"taxonomy":"product_brand","embeddable":true,"href":"https:\/\/groupesfmai.com\/ru\/wp-json\/wp\/v2\/product_brand?post=18546"},{"taxonomy":"product_cat","embeddable":true,"href":"https:\/\/groupesfmai.com\/ru\/wp-json\/wp\/v2\/product_cat?post=18546"},{"taxonomy":"product_tag","embeddable":true,"href":"https:\/\/groupesfmai.com\/ru\/wp-json\/wp\/v2\/product_tag?post=18546"}],"curies":[{"name":"wp","href":"https:\/\/api.w.org\/{rel}","templated":true}]}}