{"id":18054,"date":"2025-05-26T17:13:08","date_gmt":"2025-05-26T17:13:08","guid":{"rendered":"https:\/\/groupesfmai.com\/?post_type=product&#038;p=18054"},"modified":"2025-05-26T18:07:27","modified_gmt":"2025-05-26T18:07:27","slug":"palonnier-palon","status":"publish","type":"product","link":"https:\/\/groupesfmai.com\/tr\/urun\/palonnier-palon\/","title":{"rendered":"Serpme \u00e7ubu\u011fu"},"content":{"rendered":"<h3 data-start=\"1885\" data-end=\"1915\"><\/h3>\n<p data-start=\"1916\" data-end=\"2125\">Ay\u0131r\u0131c\u0131 \u00e7ubuk, uzun veya belirli y\u00fcklerin ta\u015f\u0131nmas\u0131 i\u00e7in gerekli bir kald\u0131rma aksesuar\u0131d\u0131r. Serpme kiri\u015flerimiz, vin\u00e7lerinize ve portallar\u0131n\u0131za maksimum g\u00fcvenlikle uyum sa\u011flayacak \u015fekilde tasarlanm\u0131\u015ft\u0131r.<\/p>","protected":false},"excerpt":{"rendered":"<p>Ay\u0131r\u0131c\u0131 \u00e7ubuk, uzun veya belirli y\u00fcklerin ta\u015f\u0131nmas\u0131 i\u00e7in gerekli bir kald\u0131rma aksesuar\u0131d\u0131r. Serpme kiri\u015flerimiz, vin\u00e7lerinize ve portallar\u0131n\u0131za maksimum g\u00fcvenlikle uyum sa\u011flayacak \u015fekilde tasarlanm\u0131\u015ft\u0131r.<\/p>","protected":false},"featured_media":18080,"comment_status":"open","ping_status":"closed","template":"","meta":{"_acf_changed":false},"product_brand":[],"product_cat":[20],"product_tag":[],"class_list":{"0":"post-18054","1":"product","2":"type-product","3":"status-publish","4":"has-post-thumbnail","6":"product_cat-accessories","8":"first","9":"instock","10":"shipping-taxable","11":"product-type-simple"},"acf":[],"yoast_head":"<!-- This site is optimized with the Yoast SEO Premium plugin v23.9 (Yoast SEO v24.4) - https:\/\/yoast.com\/wordpress\/plugins\/seo\/ -->\n<title>Palonnier (Palon) - GROUPE SFMAI<\/title>\n<meta name=\"robots\" content=\"index, follow, max-snippet:-1, max-image-preview:large, max-video-preview:-1\" \/>\n<link rel=\"canonical\" href=\"https:\/\/groupesfmai.com\/tr\/urun\/palonnier-palon\/\" \/>\n<meta property=\"og:locale\" content=\"tr_TR\" \/>\n<meta property=\"og:type\" content=\"article\" \/>\n<meta property=\"og:title\" content=\"Palonnier (Palon)\" \/>\n<meta property=\"og:description\" content=\"Le palonnier est un accessoire de levage indispensable pour la manutention de charges longues ou sp\u00e9cifiques. Nos palons sont con\u00e7us pour s\u2019adapter \u00e0 vos ponts roulants et portiques avec une s\u00e9curit\u00e9 maximale.\" \/>\n<meta property=\"og:url\" content=\"https:\/\/groupesfmai.com\/tr\/urun\/palonnier-palon\/\" \/>\n<meta property=\"og:site_name\" content=\"GROUPE SFMAI\" \/>\n<meta property=\"article:modified_time\" content=\"2025-05-26T18:07:27+00:00\" \/>\n<meta property=\"og:image\" content=\"https:\/\/groupesfmai.com\/wp-content\/uploads\/2025\/05\/4.png\" \/>\n\t<meta property=\"og:image:width\" content=\"1000\" \/>\n\t<meta property=\"og:image:height\" content=\"1000\" \/>\n\t<meta property=\"og:image:type\" content=\"image\/png\" \/>\n<meta name=\"twitter:card\" content=\"summary_large_image\" \/>\n<meta name=\"twitter:label1\" content=\"Tahmini okuma s\u00fcresi\" \/>\n\t<meta name=\"twitter:data1\" content=\"1 dakika\" \/>\n<script type=\"application\/ld+json\" class=\"yoast-schema-graph\">{\"@context\":\"https:\/\/schema.org\",\"@graph\":[{\"@type\":\"WebPage\",\"@id\":\"https:\/\/groupesfmai.com\/produit\/palonnier-palon\/\",\"url\":\"https:\/\/groupesfmai.com\/produit\/palonnier-palon\/\",\"name\":\"Palonnier (Palon) - GROUPE SFMAI\",\"isPartOf\":{\"@id\":\"https:\/\/groupesfmai.com\/#website\"},\"primaryImageOfPage\":{\"@id\":\"https:\/\/groupesfmai.com\/produit\/palonnier-palon\/#primaryimage\"},\"image\":{\"@id\":\"https:\/\/groupesfmai.com\/produit\/palonnier-palon\/#primaryimage\"},\"thumbnailUrl\":\"https:\/\/groupesfmai.com\/wp-content\/uploads\/2025\/05\/4.png\",\"datePublished\":\"2025-05-26T17:13:08+00:00\",\"dateModified\":\"2025-05-26T18:07:27+00:00\",\"breadcrumb\":{\"@id\":\"https:\/\/groupesfmai.com\/produit\/palonnier-palon\/#breadcrumb\"},\"inLanguage\":\"tr\",\"potentialAction\":[{\"@type\":\"ReadAction\",\"target\":[\"https:\/\/groupesfmai.com\/produit\/palonnier-palon\/\"]}]},{\"@type\":\"ImageObject\",\"inLanguage\":\"tr\",\"@id\":\"https:\/\/groupesfmai.com\/produit\/palonnier-palon\/#primaryimage\",\"url\":\"https:\/\/groupesfmai.com\/wp-content\/uploads\/2025\/05\/4.png\",\"contentUrl\":\"https:\/\/groupesfmai.com\/wp-content\/uploads\/2025\/05\/4.png\",\"width\":1000,\"height\":1000},{\"@type\":\"BreadcrumbList\",\"@id\":\"https:\/\/groupesfmai.com\/produit\/palonnier-palon\/#breadcrumb\",\"itemListElement\":[{\"@type\":\"ListItem\",\"position\":1,\"name\":\"Home\",\"item\":\"https:\/\/groupesfmai.com\/\"},{\"@type\":\"ListItem\",\"position\":2,\"name\":\"Products\",\"item\":\"https:\/\/groupesfmai.com\/en\/shop\/\"},{\"@type\":\"ListItem\",\"position\":3,\"name\":\"Palonnier (Palon)\"}]},{\"@type\":\"WebSite\",\"@id\":\"https:\/\/groupesfmai.com\/#website\",\"url\":\"https:\/\/groupesfmai.com\/\",\"name\":\"GROUPE SFMAI\",\"description\":\"ENSEMBLE BATISSONS L&#039;AVENIR\",\"publisher\":{\"@id\":\"https:\/\/groupesfmai.com\/#organization\"},\"alternateName\":\"GROUPE SFMAI\",\"potentialAction\":[{\"@type\":\"SearchAction\",\"target\":{\"@type\":\"EntryPoint\",\"urlTemplate\":\"https:\/\/groupesfmai.com\/?s={search_term_string}\"},\"query-input\":{\"@type\":\"PropertyValueSpecification\",\"valueRequired\":true,\"valueName\":\"search_term_string\"}}],\"inLanguage\":\"tr\"},{\"@type\":\"Organization\",\"@id\":\"https:\/\/groupesfmai.com\/#organization\",\"name\":\"Ytec \u2013 Expert en \u00c9lectricit\u00e9 G\u00e9n\u00e9rale, Industrielle, Domotique et S\u00e9curit\u00e9\",\"url\":\"https:\/\/groupesfmai.com\/\",\"logo\":{\"@type\":\"ImageObject\",\"inLanguage\":\"tr\",\"@id\":\"https:\/\/groupesfmai.com\/#\/schema\/logo\/image\/\",\"url\":\"https:\/\/groupesfmai.com\/wp-content\/uploads\/2025\/05\/03860a87-3c79-4066-a579-0b113993d132.png\",\"contentUrl\":\"https:\/\/groupesfmai.com\/wp-content\/uploads\/2025\/05\/03860a87-3c79-4066-a579-0b113993d132.png\",\"width\":500,\"height\":142,\"caption\":\"Ytec \u2013 Expert en \u00c9lectricit\u00e9 G\u00e9n\u00e9rale, Industrielle, Domotique et S\u00e9curit\u00e9\"},\"image\":{\"@id\":\"https:\/\/groupesfmai.com\/#\/schema\/logo\/image\/\"},\"description\":\"Ytec est une entreprise sp\u00e9cialis\u00e9e en \u00e9lectricit\u00e9 g\u00e9n\u00e9rale, chauffage \u00e9lectrique, domotique (courant faible) et r\u00e9novation. Nous offrons des solutions innovantes et sur mesure pour am\u00e9liorer votre confort et efficacit\u00e9 \u00e9nerg\u00e9tique. Contactez-nous pour des services professionnels de qualit\u00e9.\"}]}<\/script>\n<!-- \/ Yoast SEO Premium plugin. -->","yoast_head_json":{"title":"Palonnier (Palon) - GROUPE SFMAI","robots":{"index":"index","follow":"follow","max-snippet":"max-snippet:-1","max-image-preview":"max-image-preview:large","max-video-preview":"max-video-preview:-1"},"canonical":"https:\/\/groupesfmai.com\/tr\/urun\/palonnier-palon\/","og_locale":"tr_TR","og_type":"article","og_title":"Palonnier (Palon)","og_description":"Le palonnier est un accessoire de levage indispensable pour la manutention de charges longues ou sp\u00e9cifiques. Nos palons sont con\u00e7us pour s\u2019adapter \u00e0 vos ponts roulants et portiques avec une s\u00e9curit\u00e9 maximale.","og_url":"https:\/\/groupesfmai.com\/tr\/urun\/palonnier-palon\/","og_site_name":"GROUPE SFMAI","article_modified_time":"2025-05-26T18:07:27+00:00","og_image":[{"width":1000,"height":1000,"url":"https:\/\/groupesfmai.com\/wp-content\/uploads\/2025\/05\/4.png","type":"image\/png"}],"twitter_card":"summary_large_image","twitter_misc":{"Tahmini okuma s\u00fcresi":"1 dakika"},"schema":{"@context":"https:\/\/schema.org","@graph":[{"@type":"WebPage","@id":"https:\/\/groupesfmai.com\/produit\/palonnier-palon\/","url":"https:\/\/groupesfmai.com\/produit\/palonnier-palon\/","name":"Palonnier (Palon) - GROUPE SFMAI","isPartOf":{"@id":"https:\/\/groupesfmai.com\/#website"},"primaryImageOfPage":{"@id":"https:\/\/groupesfmai.com\/produit\/palonnier-palon\/#primaryimage"},"image":{"@id":"https:\/\/groupesfmai.com\/produit\/palonnier-palon\/#primaryimage"},"thumbnailUrl":"https:\/\/groupesfmai.com\/wp-content\/uploads\/2025\/05\/4.png","datePublished":"2025-05-26T17:13:08+00:00","dateModified":"2025-05-26T18:07:27+00:00","breadcrumb":{"@id":"https:\/\/groupesfmai.com\/produit\/palonnier-palon\/#breadcrumb"},"inLanguage":"tr","potentialAction":[{"@type":"ReadAction","target":["https:\/\/groupesfmai.com\/produit\/palonnier-palon\/"]}]},{"@type":"ImageObject","inLanguage":"tr","@id":"https:\/\/groupesfmai.com\/produit\/palonnier-palon\/#primaryimage","url":"https:\/\/groupesfmai.com\/wp-content\/uploads\/2025\/05\/4.png","contentUrl":"https:\/\/groupesfmai.com\/wp-content\/uploads\/2025\/05\/4.png","width":1000,"height":1000},{"@type":"BreadcrumbList","@id":"https:\/\/groupesfmai.com\/produit\/palonnier-palon\/#breadcrumb","itemListElement":[{"@type":"ListItem","position":1,"name":"Home","item":"https:\/\/groupesfmai.com\/"},{"@type":"ListItem","position":2,"name":"Products","item":"https:\/\/groupesfmai.com\/en\/shop\/"},{"@type":"ListItem","position":3,"name":"Palonnier (Palon)"}]},{"@type":"WebSite","@id":"https:\/\/groupesfmai.com\/#website","url":"https:\/\/groupesfmai.com\/","name":"SFMAI GRUBU","description":"GELECE\u011eI\u0307 BI\u0307RLI\u0307KTE I\u0307N\u015eA ETMEK","publisher":{"@id":"https:\/\/groupesfmai.com\/#organization"},"alternateName":"GROUPE SFMAI","potentialAction":[{"@type":"SearchAction","target":{"@type":"EntryPoint","urlTemplate":"https:\/\/groupesfmai.com\/?s={search_term_string}"},"query-input":{"@type":"PropertyValueSpecification","valueRequired":true,"valueName":"search_term_string"}}],"inLanguage":"tr"},{"@type":"Organization","@id":"https:\/\/groupesfmai.com\/#organization","name":"Ytec \u2013 Expert en \u00c9lectricit\u00e9 G\u00e9n\u00e9rale, Industrielle, Domotique et S\u00e9curit\u00e9","url":"https:\/\/groupesfmai.com\/","logo":{"@type":"ImageObject","inLanguage":"tr","@id":"https:\/\/groupesfmai.com\/#\/schema\/logo\/image\/","url":"https:\/\/groupesfmai.com\/wp-content\/uploads\/2025\/05\/03860a87-3c79-4066-a579-0b113993d132.png","contentUrl":"https:\/\/groupesfmai.com\/wp-content\/uploads\/2025\/05\/03860a87-3c79-4066-a579-0b113993d132.png","width":500,"height":142,"caption":"Ytec \u2013 Expert en \u00c9lectricit\u00e9 G\u00e9n\u00e9rale, Industrielle, Domotique et S\u00e9curit\u00e9"},"image":{"@id":"https:\/\/groupesfmai.com\/#\/schema\/logo\/image\/"},"description":"Ytec est une entreprise sp\u00e9cialis\u00e9e en \u00e9lectricit\u00e9 g\u00e9n\u00e9rale, chauffage \u00e9lectrique, domotique (courant faible) et r\u00e9novation. Nous offrons des solutions innovantes et sur mesure pour am\u00e9liorer votre confort et efficacit\u00e9 \u00e9nerg\u00e9tique. Contactez-nous pour des services professionnels de qualit\u00e9."}]}},"_links":{"self":[{"href":"https:\/\/groupesfmai.com\/tr\/wp-json\/wp\/v2\/product\/18054","targetHints":{"allow":["GET"]}}],"collection":[{"href":"https:\/\/groupesfmai.com\/tr\/wp-json\/wp\/v2\/product"}],"about":[{"href":"https:\/\/groupesfmai.com\/tr\/wp-json\/wp\/v2\/types\/product"}],"replies":[{"embeddable":true,"href":"https:\/\/groupesfmai.com\/tr\/wp-json\/wp\/v2\/comments?post=18054"}],"wp:featuredmedia":[{"embeddable":true,"href":"https:\/\/groupesfmai.com\/tr\/wp-json\/wp\/v2\/media\/18080"}],"wp:attachment":[{"href":"https:\/\/groupesfmai.com\/tr\/wp-json\/wp\/v2\/media?parent=18054"}],"wp:term":[{"taxonomy":"product_brand","embeddable":true,"href":"https:\/\/groupesfmai.com\/tr\/wp-json\/wp\/v2\/product_brand?post=18054"},{"taxonomy":"product_cat","embeddable":true,"href":"https:\/\/groupesfmai.com\/tr\/wp-json\/wp\/v2\/product_cat?post=18054"},{"taxonomy":"product_tag","embeddable":true,"href":"https:\/\/groupesfmai.com\/tr\/wp-json\/wp\/v2\/product_tag?post=18054"}],"curies":[{"name":"wp","href":"https:\/\/api.w.org\/{rel}","templated":true}]}}